{"id":623,"date":"2020-11-10T14:58:33","date_gmt":"2020-11-10T13:58:33","guid":{"rendered":"https:\/\/staging.return-key.com\/kontakt\/"},"modified":"2021-03-25T20:00:32","modified_gmt":"2021-03-25T19:00:32","slug":"kontakt","status":"publish","type":"page","link":"https:\/\/return-key.com\/de\/kontakt\/","title":{"rendered":"Kontakt"},"content":{"rendered":"\n<style type=\"text\/css\" data-created_by=\"avia_inline_auto\" id=\"style-css-av-2eds-9da48abd2dd239b6cb34cb8b9214bda0\">\n.avia-section.av-2eds-9da48abd2dd239b6cb34cb8b9214bda0{\nbackground-color:#ffffff;\nbackground-image:unset;\nmargin-top:75px;\nmargin-bottom:50px;\n}\n<\/style>\n<div id='av_section_1'  class='avia-section av-2eds-9da48abd2dd239b6cb34cb8b9214bda0 main_color avia-section-small avia-no-border-styling  avia-builder-el-0  el_before_av_section  avia-builder-el-first  smallcontent avia-bg-style-scroll container_wrap fullsize'  ><div class='container av-section-cont-open' ><main  role=\"main\" itemprop=\"mainContentOfPage\"  class='template-page content  av-content-full alpha units'><div class='post-entry post-entry-type-page post-entry-623'><div class='entry-content-wrapper clearfix'>\n\n<style type=\"text\/css\" data-created_by=\"avia_inline_auto\" id=\"style-css-av-66g4-c9c7bd0b8c946bccdd4e66847f4e408f\">\n.flex_column.av-66g4-c9c7bd0b8c946bccdd4e66847f4e408f{\nborder-radius:0px 0px 0px 0px;\npadding:0px 0px 0px 0px;\n}\n<\/style>\n<div  class='flex_column av-66g4-c9c7bd0b8c946bccdd4e66847f4e408f av_one_full  avia-builder-el-1  avia-builder-el-no-sibling  first flex_column_div av-zero-column-padding  '     ><p>\n<style type=\"text\/css\" data-created_by=\"avia_inline_auto\" id=\"style-css-av-kcuhhw6l-71096bc697dc14417fdc903ffc0bd5bc\">\n.avia-image-container.av-kcuhhw6l-71096bc697dc14417fdc903ffc0bd5bc img.avia_image{\nbox-shadow:none;\n}\n.avia-image-container.av-kcuhhw6l-71096bc697dc14417fdc903ffc0bd5bc .av-image-caption-overlay-center{\ncolor:#ffffff;\n}\n<\/style>\n<div  class='avia-image-container av-kcuhhw6l-71096bc697dc14417fdc903ffc0bd5bc av-styling- avia-align-center  avia-builder-el-2  el_before_av_textblock  avia-builder-el-first '   itemprop=\"image\" itemscope=\"itemscope\" itemtype=\"https:\/\/schema.org\/ImageObject\" ><div class=\"avia-image-container-inner\"><div class=\"avia-image-overlay-wrap\"><img decoding=\"async\" fetchpriority=\"high\" class='wp-image-324 avia-img-lazy-loading-not-324 avia_image ' src=\"https:\/\/return-key.com\/wp-content\/uploads\/2020\/07\/return-key-icon-heart.png\" alt='' title='return-key-icon-heart'  height=\"120\" width=\"120\"  itemprop=\"thumbnailUrl\" srcset=\"https:\/\/return-key.com\/wp-content\/uploads\/2020\/07\/return-key-icon-heart.png 120w, https:\/\/return-key.com\/wp-content\/uploads\/2020\/07\/return-key-icon-heart-100x100.png 100w, https:\/\/return-key.com\/wp-content\/uploads\/2020\/07\/return-key-icon-heart-80x80.png 80w, https:\/\/return-key.com\/wp-content\/uploads\/2020\/07\/return-key-icon-heart-36x36.png 36w\" sizes=\"(max-width: 120px) 100vw, 120px\" \/><\/div><\/div><\/div><br \/>\n<section  class='av_textblock_section av-kcuhvcra-d0edfccfa778800933abab9360c59e3f '   itemscope=\"itemscope\" itemtype=\"https:\/\/schema.org\/CreativeWork\" ><div class='avia_textblock'  itemprop=\"text\" ><h1 style=\"text-align: center;\">SIE HABEN EIN ANLIEGEN?<\/h1>\n<h3 style=\"color: #f7c64d; text-align: center;\">Fragen Sie ruhig!<\/h3>\n<\/div><\/section><br \/>\n\n<style type=\"text\/css\" data-created_by=\"avia_inline_auto\" id=\"style-css-av-kcuhzt46-fb0a1d229360c7fc7db386db99e33140\">\n#top .hr.hr-invisible.av-kcuhzt46-fb0a1d229360c7fc7db386db99e33140{\nheight:20px;\n}\n<\/style>\n<div  class='hr av-kcuhzt46-fb0a1d229360c7fc7db386db99e33140 hr-invisible  avia-builder-el-4  el_after_av_textblock  el_before_av_image '><span class='hr-inner '><span class=\"hr-inner-style\"><\/span><\/span><\/div><br \/>\n\n<style type=\"text\/css\" data-created_by=\"avia_inline_auto\" id=\"style-css-av-kcuhr3um-f19ad97f211de44b1ac4fe325c39861f\">\n.avia-image-container.av-kcuhr3um-f19ad97f211de44b1ac4fe325c39861f img.avia_image{\nbox-shadow:none;\n}\n.avia-image-container.av-kcuhr3um-f19ad97f211de44b1ac4fe325c39861f .av-image-caption-overlay-center{\ncolor:#ffffff;\n}\n<\/style>\n<div  class='avia-image-container av-kcuhr3um-f19ad97f211de44b1ac4fe325c39861f av-styling- avia-align-center  avia-builder-el-5  el_after_av_hr  el_before_av_textblock '   itemprop=\"image\" itemscope=\"itemscope\" itemtype=\"https:\/\/schema.org\/ImageObject\" ><div class=\"avia-image-container-inner\"><div class=\"avia-image-overlay-wrap\"><img decoding=\"async\" fetchpriority=\"high\" class='wp-image-216 avia-img-lazy-loading-not-216 avia_image ' src=\"https:\/\/return-key.com\/wp-content\/uploads\/2020\/07\/divider.png\" alt='' title='divider'  height=\"25\" width=\"147\"  itemprop=\"thumbnailUrl\"  \/><\/div><\/div><\/div><br \/>\n<section  class='av_textblock_section av-kcki3axm-6d9adea2b910c7b5954e47e45ac19133 '   itemscope=\"itemscope\" itemtype=\"https:\/\/schema.org\/CreativeWork\" ><div class='avia_textblock'  itemprop=\"text\" ><p style=\"text-align: center;\"><span style=\"font-weight: 400;\">Sehen Sie sich die h\u00e4ufig gestellten Fragen an oder nutzen Sie das untenstehende Formular und wir melden uns innerhalb eines Werktags zur\u00fcck.<\/span><\/p>\n<\/div><\/section><br \/>\n\n<style type=\"text\/css\" data-created_by=\"avia_inline_auto\" id=\"style-css-av-kcuhzt46-fb0a1d229360c7fc7db386db99e33140\">\n#top .hr.hr-invisible.av-kcuhzt46-fb0a1d229360c7fc7db386db99e33140{\nheight:20px;\n}\n<\/style>\n<div  class='hr av-kcuhzt46-fb0a1d229360c7fc7db386db99e33140 hr-invisible  avia-builder-el-7  el_after_av_textblock  el_before_av_codeblock '><span class='hr-inner '><span class=\"hr-inner-style\"><\/span><\/span><\/div><br \/>\n<\/p><\/div><\/div><\/div><\/main><!-- close content main element --><\/div><\/div>\n<style type=\"text\/css\" data-created_by=\"avia_inline_auto\" id=\"style-css-av-2dq6-d91286b278021e45d2b0aef8bdbf780d\">\n.avia-section.av-2dq6-d91286b278021e45d2b0aef8bdbf780d{\nbackground-color:#ffffff;\nbackground-image:unset;\n}\n<\/style>\n<div id='av_section_2'  class='avia-section av-2dq6-d91286b278021e45d2b0aef8bdbf780d main_color avia-section-default avia-no-border-styling  avia-builder-el-9  el_after_av_section  avia-builder-el-last  avia-bg-style-scroll container_wrap fullsize'  ><div class='container av-section-cont-open' ><div class='template-page content  av-content-full alpha units'><div class='post-entry post-entry-type-page post-entry-623'><div class='entry-content-wrapper clearfix'>\n<section  class='av_textblock_section av-kcuhvcra-d0edfccfa778800933abab9360c59e3f '   itemscope=\"itemscope\" itemtype=\"https:\/\/schema.org\/CreativeWork\" ><div class='avia_textblock'  itemprop=\"text\" ><h2 style=\"text-align: center;\">H\u00e4ufig gestellte Fragen<\/h2>\n<\/div><\/section>\n\n<style type=\"text\/css\" data-created_by=\"avia_inline_auto\" id=\"style-css-av-kcuhzt46-fb0a1d229360c7fc7db386db99e33140\">\n#top .hr.hr-invisible.av-kcuhzt46-fb0a1d229360c7fc7db386db99e33140{\nheight:20px;\n}\n<\/style>\n<div  class='hr av-kcuhzt46-fb0a1d229360c7fc7db386db99e33140 hr-invisible  avia-builder-el-11  el_after_av_textblock  el_before_av_one_half '><span class='hr-inner '><span class=\"hr-inner-style\"><\/span><\/span><\/div>\n<div class='flex_column_table av-kd0awdyk-7f0ae68ecdfeb1b3dc40aeb6d532cd58 sc-av_one_half av-equal-height-column-flextable'>\n<style type=\"text\/css\" data-created_by=\"avia_inline_auto\" id=\"style-css-av-kd0awdyk-7f0ae68ecdfeb1b3dc40aeb6d532cd58\">\n.flex_column.av-kd0awdyk-7f0ae68ecdfeb1b3dc40aeb6d532cd58{\nborder-radius:0px 0px 0px 0px;\npadding:0px 0px 0px 0px;\n}\n<\/style>\n<div  class='flex_column av-kd0awdyk-7f0ae68ecdfeb1b3dc40aeb6d532cd58 av_one_half  avia-builder-el-12  el_after_av_hr  el_before_av_one_half  faq first flex_column_table_cell av-equal-height-column av-align-top av-zero-column-padding  '     ><section  class='av_textblock_section av-kcki3axm-6d9adea2b910c7b5954e47e45ac19133 '   itemscope=\"itemscope\" itemtype=\"https:\/\/schema.org\/CreativeWork\" ><div class='avia_textblock'  itemprop=\"text\" ><h3>Warum muss ich meinen Schl\u00fcsselanh\u00e4nger registrieren?<\/h3>\n<p>Wenn keine E-Mail-Adresse hinterlegt ist, k\u00f6nnen wir den Besitzer bei Schl\u00fcsselverlust nicht kontaktieren.<\/p>\n<\/div><\/section><br \/>\n<section  class='av_textblock_section av-kcki3axm-6d9adea2b910c7b5954e47e45ac19133 '   itemscope=\"itemscope\" itemtype=\"https:\/\/schema.org\/CreativeWork\" ><div class='avia_textblock'  itemprop=\"text\" ><h3>Muss ich meine Adresse angeben?<\/h3>\n<p>Nein. Eine E-Mail-Adresse reicht aus, um die Angaben des Finders zu \u00fcbermitteln. Aus Sicherheitsgr\u00fcnden erh\u00e4lt der Finder nie die Adresse des Besitzers.<\/p>\n<\/div><\/section><\/p><\/div><div class='av-flex-placeholder'><\/div>\n<style type=\"text\/css\" data-created_by=\"avia_inline_auto\" id=\"style-css-av-b6z6w-17e9898084eeb824c179c799696d6819\">\n.flex_column.av-b6z6w-17e9898084eeb824c179c799696d6819{\nborder-radius:0px 0px 0px 0px;\npadding:0px 0px 0px 0px;\n}\n<\/style>\n<div  class='flex_column av-b6z6w-17e9898084eeb824c179c799696d6819 av_one_half  avia-builder-el-15  el_after_av_one_half  el_before_av_hr  faq flex_column_table_cell av-equal-height-column av-align-top av-zero-column-padding  '     ><section  class='av_textblock_section av-kcki3axm-6d9adea2b910c7b5954e47e45ac19133 '   itemscope=\"itemscope\" itemtype=\"https:\/\/schema.org\/CreativeWork\" ><div class='avia_textblock'  itemprop=\"text\" ><h3>Kann ich meinen Kunden den R\u00fcckgabeservice anbieten?<\/h3>\n<p>Ja. Dies kann auf zwei Arten geschehen: Wir bieten den R\u00fcckgabeservice unter unserem Namen oder dem des Anbieters (Whitelabel) an.<\/p>\n<\/div><\/section><br \/>\n<section  class='av_textblock_section av-kcki3axm-6d9adea2b910c7b5954e47e45ac19133 '   itemscope=\"itemscope\" itemtype=\"https:\/\/schema.org\/CreativeWork\" ><div class='avia_textblock'  itemprop=\"text\" ><h3>Was passiert, wenn der Dienst von Return Key aufh\u00f6rt?<\/h3>\n<p>Viele andere R\u00fcckgabedienste sind in den letzten Jahren eingestellt worden. Benutzer k\u00f6nnen nicht mehr davon profitieren. Durch Vertr\u00e4ge mit unseren Kunden sind wir verpflichtet, den Dienst ein Leben lang zu erbringen. Dies geschieht in Form eines Escrow.<\/p>\n<\/div><\/section><\/p><\/div><\/div><!--close column table wrapper. Autoclose: 1 --><div  class='hr av-kcuhzt46-b08725a5d4d87b8d1a910660db0441f7 hr-short  avia-builder-el-18  el_after_av_one_half  el_before_av_textblock  hr-center'><span class='hr-inner '><span class=\"hr-inner-style\"><\/span><\/span><\/div>\n<section  class='av_textblock_section av-kcuhvcra-d0edfccfa778800933abab9360c59e3f '   itemscope=\"itemscope\" itemtype=\"https:\/\/schema.org\/CreativeWork\" ><div class='avia_textblock'  itemprop=\"text\" ><h2 style=\"text-align: center;\">Haben Sie noch Fragen?<br \/>\nBitte kontaktieren Sie uns \u00fcber das obige Formular<\/h2>\n<\/div><\/section>\n<\/p>\n","protected":false},"excerpt":{"rendered":"","protected":false},"author":4,"featured_media":0,"parent":0,"menu_order":61,"comment_status":"closed","ping_status":"closed","template":"","meta":{"footnotes":""},"class_list":["post-623","page","type-page","status-publish","hentry"],"yoast_head":"<!-- This site is optimized with the Yoast SEO plugin v27.1.1 - https:\/\/yoast.com\/product\/yoast-seo-wordpress\/ -->\n<title>Kontakt - Return Key<\/title>\n<meta name=\"robots\" content=\"index, follow, max-snippet:-1, max-image-preview:large, max-video-preview:-1\" \/>\n<link rel=\"canonical\" href=\"https:\/\/return-key.com\/de\/kontakt\/\" \/>\n<meta property=\"og:locale\" content=\"de_DE\" \/>\n<meta property=\"og:type\" content=\"article\" \/>\n<meta property=\"og:title\" content=\"Kontakt - Return Key\" \/>\n<meta property=\"og:url\" content=\"https:\/\/return-key.com\/de\/kontakt\/\" \/>\n<meta property=\"og:site_name\" content=\"Return Key\" \/>\n<meta property=\"article:modified_time\" content=\"2021-03-25T19:00:32+00:00\" \/>\n<meta name=\"twitter:card\" content=\"summary_large_image\" \/>\n<script type=\"application\/ld+json\" class=\"yoast-schema-graph\">{\"@context\":\"https:\/\/schema.org\",\"@graph\":[{\"@type\":\"WebPage\",\"@id\":\"https:\/\/return-key.com\/de\/kontakt\/\",\"url\":\"https:\/\/return-key.com\/de\/kontakt\/\",\"name\":\"Kontakt - Return Key\",\"isPartOf\":{\"@id\":\"https:\/\/return-key.com\/de\/#website\"},\"datePublished\":\"2020-11-10T13:58:33+00:00\",\"dateModified\":\"2021-03-25T19:00:32+00:00\",\"breadcrumb\":{\"@id\":\"https:\/\/return-key.com\/de\/kontakt\/#breadcrumb\"},\"inLanguage\":\"de\",\"potentialAction\":[{\"@type\":\"ReadAction\",\"target\":[\"https:\/\/return-key.com\/de\/kontakt\/\"]}]},{\"@type\":\"BreadcrumbList\",\"@id\":\"https:\/\/return-key.com\/de\/kontakt\/#breadcrumb\",\"itemListElement\":[{\"@type\":\"ListItem\",\"position\":1,\"name\":\"Home\",\"item\":\"https:\/\/return-key.com\/de\/\"},{\"@type\":\"ListItem\",\"position\":2,\"name\":\"Kontakt\"}]},{\"@type\":\"WebSite\",\"@id\":\"https:\/\/return-key.com\/de\/#website\",\"url\":\"https:\/\/return-key.com\/de\/\",\"name\":\"Return Key\",\"description\":\"People are honest\",\"publisher\":{\"@id\":\"https:\/\/return-key.com\/de\/#organization\"},\"potentialAction\":[{\"@type\":\"SearchAction\",\"target\":{\"@type\":\"EntryPoint\",\"urlTemplate\":\"https:\/\/return-key.com\/de\/?s={search_term_string}\"},\"query-input\":{\"@type\":\"PropertyValueSpecification\",\"valueRequired\":true,\"valueName\":\"search_term_string\"}}],\"inLanguage\":\"de\"},{\"@type\":\"Organization\",\"@id\":\"https:\/\/return-key.com\/de\/#organization\",\"name\":\"Return Key\",\"url\":\"https:\/\/return-key.com\/de\/\",\"logo\":{\"@type\":\"ImageObject\",\"inLanguage\":\"de\",\"@id\":\"https:\/\/return-key.com\/de\/#\/schema\/logo\/image\/\",\"url\":\"https:\/\/return-key.com\/wp-content\/uploads\/2020\/07\/Return-Key-weblogo-1.png\",\"contentUrl\":\"https:\/\/return-key.com\/wp-content\/uploads\/2020\/07\/Return-Key-weblogo-1.png\",\"width\":340,\"height\":71,\"caption\":\"Return Key\"},\"image\":{\"@id\":\"https:\/\/return-key.com\/de\/#\/schema\/logo\/image\/\"}}]}<\/script>\n<!-- \/ Yoast SEO plugin. -->","yoast_head_json":{"title":"Kontakt - Return Key","robots":{"index":"index","follow":"follow","max-snippet":"max-snippet:-1","max-image-preview":"max-image-preview:large","max-video-preview":"max-video-preview:-1"},"canonical":"https:\/\/return-key.com\/de\/kontakt\/","og_locale":"de_DE","og_type":"article","og_title":"Kontakt - Return Key","og_url":"https:\/\/return-key.com\/de\/kontakt\/","og_site_name":"Return Key","article_modified_time":"2021-03-25T19:00:32+00:00","twitter_card":"summary_large_image","schema":{"@context":"https:\/\/schema.org","@graph":[{"@type":"WebPage","@id":"https:\/\/return-key.com\/de\/kontakt\/","url":"https:\/\/return-key.com\/de\/kontakt\/","name":"Kontakt - Return Key","isPartOf":{"@id":"https:\/\/return-key.com\/de\/#website"},"datePublished":"2020-11-10T13:58:33+00:00","dateModified":"2021-03-25T19:00:32+00:00","breadcrumb":{"@id":"https:\/\/return-key.com\/de\/kontakt\/#breadcrumb"},"inLanguage":"de","potentialAction":[{"@type":"ReadAction","target":["https:\/\/return-key.com\/de\/kontakt\/"]}]},{"@type":"BreadcrumbList","@id":"https:\/\/return-key.com\/de\/kontakt\/#breadcrumb","itemListElement":[{"@type":"ListItem","position":1,"name":"Home","item":"https:\/\/return-key.com\/de\/"},{"@type":"ListItem","position":2,"name":"Kontakt"}]},{"@type":"WebSite","@id":"https:\/\/return-key.com\/de\/#website","url":"https:\/\/return-key.com\/de\/","name":"Return Key","description":"People are honest","publisher":{"@id":"https:\/\/return-key.com\/de\/#organization"},"potentialAction":[{"@type":"SearchAction","target":{"@type":"EntryPoint","urlTemplate":"https:\/\/return-key.com\/de\/?s={search_term_string}"},"query-input":{"@type":"PropertyValueSpecification","valueRequired":true,"valueName":"search_term_string"}}],"inLanguage":"de"},{"@type":"Organization","@id":"https:\/\/return-key.com\/de\/#organization","name":"Return Key","url":"https:\/\/return-key.com\/de\/","logo":{"@type":"ImageObject","inLanguage":"de","@id":"https:\/\/return-key.com\/de\/#\/schema\/logo\/image\/","url":"https:\/\/return-key.com\/wp-content\/uploads\/2020\/07\/Return-Key-weblogo-1.png","contentUrl":"https:\/\/return-key.com\/wp-content\/uploads\/2020\/07\/Return-Key-weblogo-1.png","width":340,"height":71,"caption":"Return Key"},"image":{"@id":"https:\/\/return-key.com\/de\/#\/schema\/logo\/image\/"}}]}},"_links":{"self":[{"href":"https:\/\/return-key.com\/de\/wp-json\/wp\/v2\/pages\/623","targetHints":{"allow":["GET"]}}],"collection":[{"href":"https:\/\/return-key.com\/de\/wp-json\/wp\/v2\/pages"}],"about":[{"href":"https:\/\/return-key.com\/de\/wp-json\/wp\/v2\/types\/page"}],"author":[{"embeddable":true,"href":"https:\/\/return-key.com\/de\/wp-json\/wp\/v2\/users\/4"}],"replies":[{"embeddable":true,"href":"https:\/\/return-key.com\/de\/wp-json\/wp\/v2\/comments?post=623"}],"version-history":[{"count":2,"href":"https:\/\/return-key.com\/de\/wp-json\/wp\/v2\/pages\/623\/revisions"}],"predecessor-version":[{"id":15433,"href":"https:\/\/return-key.com\/de\/wp-json\/wp\/v2\/pages\/623\/revisions\/15433"}],"wp:attachment":[{"href":"https:\/\/return-key.com\/de\/wp-json\/wp\/v2\/media?parent=623"}],"curies":[{"name":"wp","href":"https:\/\/api.w.org\/{rel}","templated":true}]}}