{"id":642,"date":"2020-11-12T14:53:26","date_gmt":"2020-11-12T13:53:26","guid":{"rendered":"https:\/\/staging.return-key.com\/gefunden\/"},"modified":"2021-03-19T17:43:35","modified_gmt":"2021-03-19T16:43:35","slug":"gefunden","status":"publish","type":"page","link":"https:\/\/return-key.com\/de\/gefunden\/","title":{"rendered":"Gefunden"},"content":{"rendered":"\n<style type=\"text\/css\" data-created_by=\"avia_inline_auto\" id=\"style-css-av-2eds-b05471c4d9420654494742bcf7b0aa95\">\n.avia-section.av-2eds-b05471c4d9420654494742bcf7b0aa95{\nbackground-color:#ffffff;\nbackground-image:unset;\nmargin-top:75px;\nmargin-bottom:150px;\n}\n<\/style>\n<div id='av_section_1'  class='avia-section av-2eds-b05471c4d9420654494742bcf7b0aa95 main_color avia-section-small avia-no-border-styling  avia-builder-el-0  avia-builder-el-no-sibling  avia-bg-style-scroll container_wrap fullsize'  ><div class='container av-section-cont-open' ><main  role=\"main\" itemprop=\"mainContentOfPage\"  class='template-page content  av-content-full alpha units'><div class='post-entry post-entry-type-page post-entry-642'><div class='entry-content-wrapper clearfix'>\n\n<style type=\"text\/css\" data-created_by=\"avia_inline_auto\" id=\"style-css-av-kh2ggn6s-28370fce586a1340385bec8fd7ea5083\">\n.flex_column.av-kh2ggn6s-28370fce586a1340385bec8fd7ea5083{\nborder-radius:0px 0px 0px 0px;\npadding:0px 0px 0px 0px;\n}\n<\/style>\n<div  class='flex_column av-kh2ggn6s-28370fce586a1340385bec8fd7ea5083 av_one_fifth  avia-builder-el-1  el_before_av_three_fifth  avia-builder-el-first  first flex_column_div av-hide-on-mobile av-zero-column-padding  '     ><\/div>\n<style type=\"text\/css\" data-created_by=\"avia_inline_auto\" id=\"style-css-av-66g4-8439c18859a817a05430d42587f7ef24\">\n.flex_column.av-66g4-8439c18859a817a05430d42587f7ef24{\nborder-radius:0px 0px 0px 0px;\npadding:0px 0px 0px 0px;\n}\n<\/style>\n<div  class='flex_column av-66g4-8439c18859a817a05430d42587f7ef24 av_three_fifth  avia-builder-el-2  el_after_av_one_fifth  el_before_av_one_fifth  flex_column_div av-zero-column-padding  '     ><p>\n<style type=\"text\/css\" data-created_by=\"avia_inline_auto\" id=\"style-css-av-kcuhhw6l-06a7d60f61aa1fcda80ea5161cdb2676\">\n.avia-image-container.av-kcuhhw6l-06a7d60f61aa1fcda80ea5161cdb2676 img.avia_image{\nbox-shadow:none;\n}\n.avia-image-container.av-kcuhhw6l-06a7d60f61aa1fcda80ea5161cdb2676 .av-image-caption-overlay-center{\ncolor:#ffffff;\n}\n<\/style>\n<div  class='avia-image-container av-kcuhhw6l-06a7d60f61aa1fcda80ea5161cdb2676 av-styling- avia-align-center  avia-builder-el-3  el_before_av_textblock  avia-builder-el-first '   itemprop=\"image\" itemscope=\"itemscope\" itemtype=\"https:\/\/schema.org\/ImageObject\" ><div class=\"avia-image-container-inner\"><div class=\"avia-image-overlay-wrap\"><img decoding=\"async\" fetchpriority=\"high\" class='wp-image-232 avia-img-lazy-loading-not-232 avia_image ' src=\"https:\/\/return-key.com\/wp-content\/uploads\/2020\/07\/return-key-icon-hero.png\" alt='' title='return-key-icon-hero'  height=\"120\" width=\"120\"  itemprop=\"thumbnailUrl\" srcset=\"https:\/\/return-key.com\/wp-content\/uploads\/2020\/07\/return-key-icon-hero.png 120w, https:\/\/return-key.com\/wp-content\/uploads\/2020\/07\/return-key-icon-hero-100x100.png 100w, https:\/\/return-key.com\/wp-content\/uploads\/2020\/07\/return-key-icon-hero-80x80.png 80w, https:\/\/return-key.com\/wp-content\/uploads\/2020\/07\/return-key-icon-hero-36x36.png 36w\" sizes=\"(max-width: 120px) 100vw, 120px\" \/><\/div><\/div><\/div><br \/>\n<section  class='av_textblock_section av-kcuhvcra-08d1a3f359c0edd6af9c8304c083ceba '   itemscope=\"itemscope\" itemtype=\"https:\/\/schema.org\/CreativeWork\" ><div class='avia_textblock'  itemprop=\"text\" ><h1 style=\"text-align: center;\">EINEN RETURN KEY GEFUNDEN?<\/h1>\n<h3 style=\"color: #f7c64d; text-align: center;\">Melden Sie ihn hier und werden Sie zum Held des Tages!<\/h3>\n<\/div><\/section><br \/>\n\n<style type=\"text\/css\" data-created_by=\"avia_inline_auto\" id=\"style-css-av-kcuhzt46-fb0a1d229360c7fc7db386db99e33140\">\n#top .hr.hr-invisible.av-kcuhzt46-fb0a1d229360c7fc7db386db99e33140{\nheight:20px;\n}\n<\/style>\n<div  class='hr av-kcuhzt46-fb0a1d229360c7fc7db386db99e33140 hr-invisible  avia-builder-el-5  el_after_av_textblock  el_before_av_image '><span class='hr-inner '><span class=\"hr-inner-style\"><\/span><\/span><\/div><br \/>\n\n<style type=\"text\/css\" data-created_by=\"avia_inline_auto\" id=\"style-css-av-kcuhr3um-f19ad97f211de44b1ac4fe325c39861f\">\n.avia-image-container.av-kcuhr3um-f19ad97f211de44b1ac4fe325c39861f img.avia_image{\nbox-shadow:none;\n}\n.avia-image-container.av-kcuhr3um-f19ad97f211de44b1ac4fe325c39861f .av-image-caption-overlay-center{\ncolor:#ffffff;\n}\n<\/style>\n<div  class='avia-image-container av-kcuhr3um-f19ad97f211de44b1ac4fe325c39861f av-styling- avia-align-center  avia-builder-el-6  el_after_av_hr  el_before_av_textblock '   itemprop=\"image\" itemscope=\"itemscope\" itemtype=\"https:\/\/schema.org\/ImageObject\" ><div class=\"avia-image-container-inner\"><div class=\"avia-image-overlay-wrap\"><img decoding=\"async\" fetchpriority=\"high\" class='wp-image-216 avia-img-lazy-loading-not-216 avia_image ' src=\"https:\/\/return-key.com\/wp-content\/uploads\/2020\/07\/divider.png\" alt='' title='divider'  height=\"25\" width=\"147\"  itemprop=\"thumbnailUrl\"  \/><\/div><\/div><\/div><br \/>\n<section  class='av_textblock_section av-kcki3axm-a44b2024f671c2b1d9420989c3480f9c '   itemscope=\"itemscope\" itemtype=\"https:\/\/schema.org\/CreativeWork\" ><div class='avia_textblock'  itemprop=\"text\" ><p style=\"text-align: center;\">Geben Sie nachfolgend den einmaligen Code auf dem Schl\u00fcsselanh\u00e4nger ein.<br \/>\nDer Besitzer erh\u00e4lt dann eine E-Mail und kann sich so schnell wie m\u00f6glich mit Ihnen in Verbindung setzen.<\/p>\n<form method=\"post\" id=\"return-key-found-form\">\n\n    <div id=\"key_code_wrapper\" class=\"form-input return-key\">\n        <label for=\"return_key\">Return Key Code<\/label>\n        <select name=\"country_code\" id=\"country_code\">\n                        <option value=\"nl\">NL<\/option>\n                        <option value=\"be\">BE<\/option>\n                        <option value=\"de\"selected>DE<\/option>\n                        <option value=\"fr\">FR<\/option>\n                    <\/select>\n        <input type=\"text\" id=\"return_key\" name=\"return_key\" value=\"\"\n               placeholder=\"123456\" required>\n        <span class=\"errors\" id=\"key_code_error\"><\/span>\n    <\/div>\n\n    <div id=\"email_wrapper\" class=\"form-input\">\n        <label for=\"email\">E-Mail-Adresse<\/label>\n        <input id=\"email\" type=\"email\" name=\"email\" value=\"\" placeholder=\"e-mail@address.com\"\n               required>\n        <span class=\"errors\" id=\"email_error\"><\/span>\n    <\/div>\n\n    <div id=\"name_wrapper\" class=\"form-input\">\n        <label for=\"name\">Name<\/label>\n        <input type=\"text\" id=\"name\" name=\"name\" value=\"\" placeholder=\"Vorname Nachname\"\n               required>\n        <span class=\"errors\" id=\"name_error\"><\/span>\n    <\/div>\n\n    <div id=\"phone_number_wrapper\" class=\"form-input\">\n        <label for=\"phone_number\">Telefonnummer<\/label>\n        <input type=\"text\" id=\"phone_number\" name=\"phone_number\" value=\"\"\n               placeholder=\"+49 (0)7123 123 456\" required>\n        <span class=\"errors\" id=\"phone_number_error\"><\/span>\n    <\/div>\n\n    <div id=\"message_wrapper\" class=\"form-input\">\n        <label for=\"message\">Nachricht an den Besitzer<\/label>\n        <textarea id=\"message\" name=\"message\" placeholder=\"Ich habe Ihren Return Key-Schl\u00fcsselbund gefunden, bitte kontaktieren Sie mich, um die R\u00fcckgabe zu arrangieren.\" required><\/textarea>\n        <span class=\"errors\" id=\"message_error\"><\/span>\n    <\/div>\n\n    <button type=\"submit\" id=\"submit_button\">Senden<\/button>\n\n<\/form>\n\n<script type=\"application\/javascript\">\n    jQuery(document).ready(function ($) {\n        $('#return-key-found-form').on('submit', function (e) {\n            e.preventDefault();\n\n            resetErrors();\n\n            $('#submit_button').prop('disabled', true);\n\n            $.ajaxSetup({\n                headers: {\n                    'Content-Language': 'de',\n                    'Accept': 'application\/json',\n                }\n            });\n\n            $.post('https:\/\/service.return-key.com\/api\/account\/service\/found', getPostData()).done(function () {\n                redirectAfterSuccess();\n            }).fail(function (response) {\n                if (response.status !== 422) {\n                    alert('Ein unbekannter Fehler ist aufgetreten, bitte versuchen Sie es sp\u00e4ter noch einmal');\n                    return;\n                }\n\n                setErrorsFromResponse(response);\n\n                $('#submit_button').prop('disabled', false);\n            });\n        });\n    });\n\n    resetErrors = function () {\n        jQuery('#key_code_wrapper').removeClass('error');\n        jQuery('#key_code_error').html('');\n        jQuery('#email_wrapper').removeClass('error');\n        jQuery('#email_error').html('');\n        jQuery('#name_wrapper').removeClass('error');\n        jQuery('#name_error').html('');\n        jQuery('#phone_number_wrapper').removeClass('error');\n        jQuery('#phone_number_error').html('');\n        jQuery('#message_wrapper').removeClass('error');\n        jQuery('#message_error').html('');\n    };\n\n    setErrorsFromResponse = function (response) {\n        let errors = response.responseJSON.errors;\n\n        if (errors.return_key) {\n            jQuery('#key_code_wrapper').addClass('error');\n            jQuery('#key_code_error').html(errors.return_key[0]);\n        } else if (errors.general) {\n            jQuery('#key_code_wrapper').addClass('error');\n            jQuery('#key_code_error').html(errors.general[0]);\n        }\n\n        if (errors.email) {\n            jQuery('#email_wrapper').addClass('error');\n            jQuery('#email_error').html(errors.email[0]);\n        }\n\n        if (errors.name) {\n            jQuery('#name_wrapper').addClass('error');\n            jQuery('#name_error').html(errors.name[0]);\n        }\n\n        if (errors.phone_number) {\n            jQuery('#phone_number_wrapper').addClass('error');\n            jQuery('#phone_number_error').html(errors.phone_number[0]);\n        }\n\n        if (errors.message) {\n            jQuery('#message_wrapper').addClass('error');\n            jQuery('#message_error').html(errors.message[0]);\n        }\n    };\n\n    getPostData = function () {\n        return {\n            'api_token': 'Ld24O5zRcdl0lN3nhECeFeb1qTaN1iQf37RVze47uh62KA0Yg7vTKjq5hOME',\n            'email': jQuery('#email').val(),\n            'country_code': jQuery('#country_code').val(),\n            'return_key': jQuery('#return_key').val(),\n            'name': jQuery('#name').val(),\n            'message': jQuery('#message').val(),\n            'phone_number': jQuery('#phone_number').val(),\n        };\n    };\n\n    redirectAfterSuccess = function () {\n        window.location = '\/de\/found-report';\n    };\n<\/script>\n<\/div><\/section><\/p><\/div>\n<style type=\"text\/css\" data-created_by=\"avia_inline_auto\" id=\"style-css-av-kh2ggn6s-7af7459e7849bafca2bbb36b873cba01\">\n.flex_column.av-kh2ggn6s-7af7459e7849bafca2bbb36b873cba01{\nborder-radius:0px 0px 0px 0px;\npadding:0px 0px 0px 0px;\n}\n<\/style>\n<div  class='flex_column av-kh2ggn6s-7af7459e7849bafca2bbb36b873cba01 av_one_fifth  avia-builder-el-8  el_after_av_three_fifth  avia-builder-el-last  flex_column_div av-hide-on-mobile av-zero-column-padding  '     ><\/div>\n","protected":false},"excerpt":{"rendered":"","protected":false},"author":4,"featured_media":0,"parent":0,"menu_order":66,"comment_status":"closed","ping_status":"closed","template":"","meta":{"footnotes":""},"class_list":["post-642","page","type-page","status-publish","hentry"],"yoast_head":"<!-- This site is optimized with the Yoast SEO plugin v27.1.1 - https:\/\/yoast.com\/product\/yoast-seo-wordpress\/ -->\n<title>Einen Return Key gefunden? Melden Sie ihn hier - Return Key<\/title>\n<meta name=\"description\" content=\"Holen Sie sich Ihre verlorenen Schl\u00fcssel schnell zur\u00fcck mit dem Return Key R\u00fcckgabeservice. Nach dem Verlust Ihrer Schl\u00fcssel erhalten Sie eine E-Mail vom Finder.\" \/>\n<meta name=\"robots\" content=\"index, follow, max-snippet:-1, max-image-preview:large, max-video-preview:-1\" \/>\n<link rel=\"canonical\" href=\"https:\/\/return-key.com\/de\/gefunden\/\" \/>\n<meta property=\"og:locale\" content=\"de_DE\" \/>\n<meta property=\"og:type\" content=\"article\" \/>\n<meta property=\"og:title\" content=\"Einen Return Key gefunden? Melden Sie ihn hier - Return Key\" \/>\n<meta property=\"og:description\" content=\"Holen Sie sich Ihre verlorenen Schl\u00fcssel schnell zur\u00fcck mit dem Return Key R\u00fcckgabeservice. Nach dem Verlust Ihrer Schl\u00fcssel erhalten Sie eine E-Mail vom Finder.\" \/>\n<meta property=\"og:url\" content=\"https:\/\/return-key.com\/de\/gefunden\/\" \/>\n<meta property=\"og:site_name\" content=\"Return Key\" \/>\n<meta property=\"article:modified_time\" content=\"2021-03-19T16:43:35+00:00\" \/>\n<meta name=\"twitter:card\" content=\"summary_large_image\" \/>\n<script type=\"application\/ld+json\" class=\"yoast-schema-graph\">{\"@context\":\"https:\/\/schema.org\",\"@graph\":[{\"@type\":\"WebPage\",\"@id\":\"https:\/\/return-key.com\/de\/gefunden\/\",\"url\":\"https:\/\/return-key.com\/de\/gefunden\/\",\"name\":\"Einen Return Key gefunden? Melden Sie ihn hier - Return Key\",\"isPartOf\":{\"@id\":\"https:\/\/return-key.com\/de\/#website\"},\"datePublished\":\"2020-11-12T13:53:26+00:00\",\"dateModified\":\"2021-03-19T16:43:35+00:00\",\"description\":\"Holen Sie sich Ihre verlorenen Schl\u00fcssel schnell zur\u00fcck mit dem Return Key R\u00fcckgabeservice. Nach dem Verlust Ihrer Schl\u00fcssel erhalten Sie eine E-Mail vom Finder.\",\"breadcrumb\":{\"@id\":\"https:\/\/return-key.com\/de\/gefunden\/#breadcrumb\"},\"inLanguage\":\"de\",\"potentialAction\":[{\"@type\":\"ReadAction\",\"target\":[\"https:\/\/return-key.com\/de\/gefunden\/\"]}]},{\"@type\":\"BreadcrumbList\",\"@id\":\"https:\/\/return-key.com\/de\/gefunden\/#breadcrumb\",\"itemListElement\":[{\"@type\":\"ListItem\",\"position\":1,\"name\":\"Home\",\"item\":\"https:\/\/return-key.com\/de\/\"},{\"@type\":\"ListItem\",\"position\":2,\"name\":\"Gefunden\"}]},{\"@type\":\"WebSite\",\"@id\":\"https:\/\/return-key.com\/de\/#website\",\"url\":\"https:\/\/return-key.com\/de\/\",\"name\":\"Return Key\",\"description\":\"People are honest\",\"publisher\":{\"@id\":\"https:\/\/return-key.com\/de\/#organization\"},\"potentialAction\":[{\"@type\":\"SearchAction\",\"target\":{\"@type\":\"EntryPoint\",\"urlTemplate\":\"https:\/\/return-key.com\/de\/?s={search_term_string}\"},\"query-input\":{\"@type\":\"PropertyValueSpecification\",\"valueRequired\":true,\"valueName\":\"search_term_string\"}}],\"inLanguage\":\"de\"},{\"@type\":\"Organization\",\"@id\":\"https:\/\/return-key.com\/de\/#organization\",\"name\":\"Return Key\",\"url\":\"https:\/\/return-key.com\/de\/\",\"logo\":{\"@type\":\"ImageObject\",\"inLanguage\":\"de\",\"@id\":\"https:\/\/return-key.com\/de\/#\/schema\/logo\/image\/\",\"url\":\"https:\/\/return-key.com\/wp-content\/uploads\/2020\/07\/Return-Key-weblogo-1.png\",\"contentUrl\":\"https:\/\/return-key.com\/wp-content\/uploads\/2020\/07\/Return-Key-weblogo-1.png\",\"width\":340,\"height\":71,\"caption\":\"Return Key\"},\"image\":{\"@id\":\"https:\/\/return-key.com\/de\/#\/schema\/logo\/image\/\"}}]}<\/script>\n<!-- \/ Yoast SEO plugin. -->","yoast_head_json":{"title":"Einen Return Key gefunden? Melden Sie ihn hier - Return Key","description":"Holen Sie sich Ihre verlorenen Schl\u00fcssel schnell zur\u00fcck mit dem Return Key R\u00fcckgabeservice. Nach dem Verlust Ihrer Schl\u00fcssel erhalten Sie eine E-Mail vom Finder.","robots":{"index":"index","follow":"follow","max-snippet":"max-snippet:-1","max-image-preview":"max-image-preview:large","max-video-preview":"max-video-preview:-1"},"canonical":"https:\/\/return-key.com\/de\/gefunden\/","og_locale":"de_DE","og_type":"article","og_title":"Einen Return Key gefunden? Melden Sie ihn hier - Return Key","og_description":"Holen Sie sich Ihre verlorenen Schl\u00fcssel schnell zur\u00fcck mit dem Return Key R\u00fcckgabeservice. Nach dem Verlust Ihrer Schl\u00fcssel erhalten Sie eine E-Mail vom Finder.","og_url":"https:\/\/return-key.com\/de\/gefunden\/","og_site_name":"Return Key","article_modified_time":"2021-03-19T16:43:35+00:00","twitter_card":"summary_large_image","schema":{"@context":"https:\/\/schema.org","@graph":[{"@type":"WebPage","@id":"https:\/\/return-key.com\/de\/gefunden\/","url":"https:\/\/return-key.com\/de\/gefunden\/","name":"Einen Return Key gefunden? Melden Sie ihn hier - Return Key","isPartOf":{"@id":"https:\/\/return-key.com\/de\/#website"},"datePublished":"2020-11-12T13:53:26+00:00","dateModified":"2021-03-19T16:43:35+00:00","description":"Holen Sie sich Ihre verlorenen Schl\u00fcssel schnell zur\u00fcck mit dem Return Key R\u00fcckgabeservice. Nach dem Verlust Ihrer Schl\u00fcssel erhalten Sie eine E-Mail vom Finder.","breadcrumb":{"@id":"https:\/\/return-key.com\/de\/gefunden\/#breadcrumb"},"inLanguage":"de","potentialAction":[{"@type":"ReadAction","target":["https:\/\/return-key.com\/de\/gefunden\/"]}]},{"@type":"BreadcrumbList","@id":"https:\/\/return-key.com\/de\/gefunden\/#breadcrumb","itemListElement":[{"@type":"ListItem","position":1,"name":"Home","item":"https:\/\/return-key.com\/de\/"},{"@type":"ListItem","position":2,"name":"Gefunden"}]},{"@type":"WebSite","@id":"https:\/\/return-key.com\/de\/#website","url":"https:\/\/return-key.com\/de\/","name":"Return Key","description":"People are honest","publisher":{"@id":"https:\/\/return-key.com\/de\/#organization"},"potentialAction":[{"@type":"SearchAction","target":{"@type":"EntryPoint","urlTemplate":"https:\/\/return-key.com\/de\/?s={search_term_string}"},"query-input":{"@type":"PropertyValueSpecification","valueRequired":true,"valueName":"search_term_string"}}],"inLanguage":"de"},{"@type":"Organization","@id":"https:\/\/return-key.com\/de\/#organization","name":"Return Key","url":"https:\/\/return-key.com\/de\/","logo":{"@type":"ImageObject","inLanguage":"de","@id":"https:\/\/return-key.com\/de\/#\/schema\/logo\/image\/","url":"https:\/\/return-key.com\/wp-content\/uploads\/2020\/07\/Return-Key-weblogo-1.png","contentUrl":"https:\/\/return-key.com\/wp-content\/uploads\/2020\/07\/Return-Key-weblogo-1.png","width":340,"height":71,"caption":"Return Key"},"image":{"@id":"https:\/\/return-key.com\/de\/#\/schema\/logo\/image\/"}}]}},"_links":{"self":[{"href":"https:\/\/return-key.com\/de\/wp-json\/wp\/v2\/pages\/642","targetHints":{"allow":["GET"]}}],"collection":[{"href":"https:\/\/return-key.com\/de\/wp-json\/wp\/v2\/pages"}],"about":[{"href":"https:\/\/return-key.com\/de\/wp-json\/wp\/v2\/types\/page"}],"author":[{"embeddable":true,"href":"https:\/\/return-key.com\/de\/wp-json\/wp\/v2\/users\/4"}],"replies":[{"embeddable":true,"href":"https:\/\/return-key.com\/de\/wp-json\/wp\/v2\/comments?post=642"}],"version-history":[{"count":0,"href":"https:\/\/return-key.com\/de\/wp-json\/wp\/v2\/pages\/642\/revisions"}],"wp:attachment":[{"href":"https:\/\/return-key.com\/de\/wp-json\/wp\/v2\/media?parent=642"}],"curies":[{"name":"wp","href":"https:\/\/api.w.org\/{rel}","templated":true}]}}