{"id":700,"date":"2020-11-13T18:24:38","date_gmt":"2020-11-13T17:24:38","guid":{"rendered":"https:\/\/staging.return-key.com\/?page_id=700"},"modified":"2021-03-19T17:37:42","modified_gmt":"2021-03-19T16:37:42","slug":"registrierung-aendern","status":"publish","type":"page","link":"https:\/\/return-key.com\/de\/registrierung-aendern\/","title":{"rendered":"Registrierung \u00e4ndern"},"content":{"rendered":"\n<style type=\"text\/css\" data-created_by=\"avia_inline_auto\" id=\"style-css-av-2eds-a42cffb23c0c588c40f7b12fd7003fc2\">\n.avia-section.av-2eds-a42cffb23c0c588c40f7b12fd7003fc2{\nbackground-color:#ffffff;\nbackground-image:unset;\nmargin-top:75px;\nmargin-bottom:50px;\n}\n<\/style>\n<div id='av_section_1'  class='avia-section av-2eds-a42cffb23c0c588c40f7b12fd7003fc2 main_color avia-section-small avia-no-border-styling  avia-builder-el-0  avia-builder-el-no-sibling  avia-bg-style-scroll container_wrap fullsize'  ><div class='container av-section-cont-open' ><main  role=\"main\" itemprop=\"mainContentOfPage\"  class='template-page content  av-content-full alpha units'><div class='post-entry post-entry-type-page post-entry-700'><div class='entry-content-wrapper clearfix'>\n\n<style type=\"text\/css\" data-created_by=\"avia_inline_auto\" id=\"style-css-av-66g4-c9c7bd0b8c946bccdd4e66847f4e408f\">\n.flex_column.av-66g4-c9c7bd0b8c946bccdd4e66847f4e408f{\nborder-radius:0px 0px 0px 0px;\npadding:0px 0px 0px 0px;\n}\n<\/style>\n<div  class='flex_column av-66g4-c9c7bd0b8c946bccdd4e66847f4e408f av_one_full  avia-builder-el-1  el_before_av_one_fifth  avia-builder-el-first  first flex_column_div av-zero-column-padding  '     ><p>\n<style type=\"text\/css\" data-created_by=\"avia_inline_auto\" id=\"style-css-av-kcuhhw6l-5ecdd0385dc4181b73966a1639bdb8b1\">\n.avia-image-container.av-kcuhhw6l-5ecdd0385dc4181b73966a1639bdb8b1 img.avia_image{\nbox-shadow:none;\n}\n.avia-image-container.av-kcuhhw6l-5ecdd0385dc4181b73966a1639bdb8b1 .av-image-caption-overlay-center{\ncolor:#ffffff;\n}\n<\/style>\n<div  class='avia-image-container av-kcuhhw6l-5ecdd0385dc4181b73966a1639bdb8b1 av-styling- avia-align-center  avia-builder-el-2  el_before_av_textblock  avia-builder-el-first '   itemprop=\"image\" itemscope=\"itemscope\" itemtype=\"https:\/\/schema.org\/ImageObject\" ><div class=\"avia-image-container-inner\"><div class=\"avia-image-overlay-wrap\"><img decoding=\"async\" fetchpriority=\"high\" class='wp-image-212 avia-img-lazy-loading-not-212 avia_image ' src=\"https:\/\/return-key.com\/wp-content\/uploads\/2020\/07\/return-key-icon-register.png\" alt='' title='return-key-icon-register'  height=\"120\" width=\"120\"  itemprop=\"thumbnailUrl\" srcset=\"https:\/\/return-key.com\/wp-content\/uploads\/2020\/07\/return-key-icon-register.png 120w, https:\/\/return-key.com\/wp-content\/uploads\/2020\/07\/return-key-icon-register-100x100.png 100w, https:\/\/return-key.com\/wp-content\/uploads\/2020\/07\/return-key-icon-register-80x80.png 80w, https:\/\/return-key.com\/wp-content\/uploads\/2020\/07\/return-key-icon-register-36x36.png 36w\" sizes=\"(max-width: 120px) 100vw, 120px\" \/><\/div><\/div><\/div><br \/>\n<section  class='av_textblock_section av-kcuhvcra-08d1a3f359c0edd6af9c8304c083ceba '   itemscope=\"itemscope\" itemtype=\"https:\/\/schema.org\/CreativeWork\" ><div class='avia_textblock'  itemprop=\"text\" ><h1 style=\"text-align: center;\">REGISTRIERUNG \u00c4NDERN<\/h1>\n<h3 style=\"color: #f7c64d; text-align: center;\">Damit Sie nichts mehr zu verlieren haben!<\/h3>\n<\/div><\/section><br \/>\n\n<style type=\"text\/css\" data-created_by=\"avia_inline_auto\" id=\"style-css-av-kcuhzt46-fb0a1d229360c7fc7db386db99e33140\">\n#top .hr.hr-invisible.av-kcuhzt46-fb0a1d229360c7fc7db386db99e33140{\nheight:20px;\n}\n<\/style>\n<div  class='hr av-kcuhzt46-fb0a1d229360c7fc7db386db99e33140 hr-invisible  avia-builder-el-4  el_after_av_textblock  el_before_av_image '><span class='hr-inner '><span class=\"hr-inner-style\"><\/span><\/span><\/div><br \/>\n\n<style type=\"text\/css\" data-created_by=\"avia_inline_auto\" id=\"style-css-av-kcuhr3um-f19ad97f211de44b1ac4fe325c39861f\">\n.avia-image-container.av-kcuhr3um-f19ad97f211de44b1ac4fe325c39861f img.avia_image{\nbox-shadow:none;\n}\n.avia-image-container.av-kcuhr3um-f19ad97f211de44b1ac4fe325c39861f .av-image-caption-overlay-center{\ncolor:#ffffff;\n}\n<\/style>\n<div  class='avia-image-container av-kcuhr3um-f19ad97f211de44b1ac4fe325c39861f av-styling- avia-align-center  avia-builder-el-5  el_after_av_hr  avia-builder-el-last '   itemprop=\"image\" itemscope=\"itemscope\" itemtype=\"https:\/\/schema.org\/ImageObject\" ><div class=\"avia-image-container-inner\"><div class=\"avia-image-overlay-wrap\"><img decoding=\"async\" fetchpriority=\"high\" class='wp-image-216 avia-img-lazy-loading-not-216 avia_image ' src=\"https:\/\/return-key.com\/wp-content\/uploads\/2020\/07\/divider.png\" alt='' title='divider'  height=\"25\" width=\"147\"  itemprop=\"thumbnailUrl\"  \/><\/div><\/div><\/div><\/p><\/div>\n<style type=\"text\/css\" data-created_by=\"avia_inline_auto\" id=\"style-css-av-hnjsc-1daad67772195074c649d5303bf2f8d6\">\n.flex_column.av-hnjsc-1daad67772195074c649d5303bf2f8d6{\nborder-radius:0px 0px 0px 0px;\npadding:0px 0px 0px 0px;\n}\n<\/style>\n<div  class='flex_column av-hnjsc-1daad67772195074c649d5303bf2f8d6 av_one_fifth  avia-builder-el-6  el_after_av_one_full  el_before_av_three_fifth  first flex_column_div av-hide-on-mobile av-zero-column-padding  column-top-margin'     ><\/div>\n<style type=\"text\/css\" data-created_by=\"avia_inline_auto\" id=\"style-css-av-66g4-8439c18859a817a05430d42587f7ef24\">\n.flex_column.av-66g4-8439c18859a817a05430d42587f7ef24{\nborder-radius:0px 0px 0px 0px;\npadding:0px 0px 0px 0px;\n}\n<\/style>\n<div  class='flex_column av-66g4-8439c18859a817a05430d42587f7ef24 av_three_fifth  avia-builder-el-7  el_after_av_one_fifth  el_before_av_one_fifth  flex_column_div av-zero-column-padding  column-top-margin'     ><section  class='av_textblock_section av-kcki3axm-a44b2024f671c2b1d9420989c3480f9c '   itemscope=\"itemscope\" itemtype=\"https:\/\/schema.org\/CreativeWork\" ><div class='avia_textblock'  itemprop=\"text\" ><p style=\"text-align: center;\">Geben Sie zun\u00e4chst den Return Key Code und die aktuelle E-Mail-Adresse ein. Nachdem Sie Ihre Registrierung \u00fcberpr\u00fcft haben, k\u00f6nnen Sie Ihre E-Mail-Adresse und die Bezeichnung des Schl\u00fcsselanh\u00e4ngers \u00e4ndern.<\/p>\n<form id=\"return-key-update-form\">\n    <div id=\"key_code_wrapper\" class=\"form-input return-key\">\n        <label for=\"return_key\">Return Key Code<\/label>\n        <select name=\"country_code\" id=\"country_code\">\n                        <option value=\"nl\">NL<\/option>\n                        <option value=\"be\">BE<\/option>\n                        <option value=\"de\"selected>DE<\/option>\n                        <option value=\"fr\">FR<\/option>\n                    <\/select>\n        <input type=\"text\" id=\"return_key\" name=\"return_key\" value=\"\"\n               placeholder=\"123456\" required>\n        <span class=\"errors\" id=\"key_code_error\"><\/span>\n    <\/div>\n\n    <div id=\"email_wrapper\" class=\"form-input\">\n        <label for=\"email\">E-Mail-Adresse<\/label>\n        <input id=\"email\" type=\"email\" name=\"email\" value=\"\" placeholder=\"e-mail@address.com\"\n               required>\n        <span class=\"errors\" id=\"email_error\"><\/span>\n    <\/div>\n\n    <div id=\"email_new_wrapper\" class=\"form-input\" style=\"display: none\">\n        <label for=\"email_new\">Neue E-Mail-Adresse<\/label>\n        <input id=\"email_new\" type=\"email\" name=\"email_new\" value=\"\" required>\n        <span class=\"errors\" id=\"email_new_error\"><\/span>\n    <\/div>\n\n    <div id=\"name_wrapper\" class=\"form-input\" style=\"display: none\">\n        <label for=\"name\">Bezeichnung<\/label>\n        <input type=\"text\" id=\"name\" name=\"name\" value=\"\" placeholder=\"(Neues) Etikett\"\n               required>\n        <span class=\"errors\" id=\"name_error\"><\/span>\n    <\/div>\n\n    <button type=\"button\" id=\"fetch_data_button\" onclick=\"fetchData()\">Angaben laden<\/button>\n\n    <button type=\"submit\" id=\"submit_button\" style=\"display: none\">Wechseln<\/button>\n\n<\/form>\n\n<script type=\"application\/javascript\">\n    function fetchData(){\n        resetErrors();\n\n        jQuery.ajaxSetup({\n            headers: {\n                'Content-Language': 'de',\n                'Accept': 'application\/json',\n            }\n        });\n\n        jQuery.get('https:\/\/service.return-key.com\/api\/account\/service\/registered-key', getFetchParams()).done(function (response) {\n            switchToEditMode(response);\n        }).fail(function (response) {\n            if(response.status !== 422){\n                alert('');\n                return;\n            }\n\n            setErrorsFromResponse(response);\n        });\n    }\n\n    jQuery(document).ready(function ($) {\n        $('#return-key-update-form').on('submit', function (e) {\n            e.preventDefault();\n\n            resetErrors();\n\n            $('#submit_button').prop('disabled', true);\n\n            $.ajaxSetup({\n                headers: {\n                    'Content-Language': 'de',\n                    'Accept': 'application\/json',\n                }\n            });\n\n            $.post('https:\/\/service.return-key.com\/api\/account\/service\/registered-key', getPostData()).done(function () {\n                redirectAfterSuccess();\n            }).fail(function (response) {\n                if(response.status !== 422){\n                    alert('');\n                    return;\n                }\n\n                setErrorsFromResponse(response);\n\n                $('#submit_button').prop('disabled', false);\n            });\n        });\n    });\n\n    function getFetchParams(){\n        return {\n            api_token: 'Ld24O5zRcdl0lN3nhECeFeb1qTaN1iQf37RVze47uh62KA0Yg7vTKjq5hOME',\n            country_code: jQuery('#country_code').val(),\n            return_key: jQuery('#return_key').val(),\n            email: jQuery('#email').val(),\n            jory: {\n                fld: ['name'],\n            }\n        }\n    }\n\n    function getPostData(){\n        return {\n            api_token: 'Ld24O5zRcdl0lN3nhECeFeb1qTaN1iQf37RVze47uh62KA0Yg7vTKjq5hOME',\n            country_code: jQuery('#country_code').val(),\n            return_key: jQuery('#return_key').val(),\n            email: jQuery('#email').val(),\n            email_new: jQuery('#email_new').val(),\n            name: jQuery('#name').val(),\n        }\n    }\n\n    resetErrors = function () {\n        jQuery('#key_code_wrapper').removeClass('error');\n        jQuery('#key_code_error').html('');\n        jQuery('#email_wrapper').removeClass('error');\n        jQuery('#email_error').html('');\n        jQuery('#name_wrapper').removeClass('error');\n        jQuery('#name_error').html('');\n    };\n\n    setErrorsFromResponse = function (response) {\n        let errors = response.responseJSON.errors;\n\n        if (errors.return_key) {\n            jQuery('#key_code_wrapper').addClass('error');\n            jQuery('#key_code_error').html(errors.return_key[0]);\n        } else if (errors.general) {\n            jQuery('#key_code_wrapper').addClass('error');\n            jQuery('#key_code_error').html(errors.general[0]);\n        }\n\n        if (errors.email) {\n            jQuery('#email_wrapper').addClass('error');\n            jQuery('#email_error').html(errors.email[0]);\n        }\n\n        if (errors.name) {\n            jQuery('#name_wrapper').addClass('error');\n            jQuery('#name_error').html(errors.name[0]);\n        }\n    };\n\n    redirectAfterSuccess = function() {\n        window.location = '\/de\/registration-changes';\n    };\n\n    function switchToEditMode(response) {\n        \/**\n         * Velden van fetch formulier disablen of verbergen\n         *\/\n        jQuery('#country_code').prop('disabled', true);\n        jQuery('#return_key').prop('disabled', true);\n        jQuery('#email_wrapper').hide();\n        jQuery('#fetch_data_button').hide();\n\n        \/**\n         * Velden van edit formulier weergeven\n         *\/\n        jQuery('#email_new_wrapper').show();\n        jQuery('#name_wrapper').show();\n        jQuery('#submit_button').show();\n\n        \/**\n         * Data overzetten\n         *\/\n        jQuery('#name').val(response.data.name);\n        jQuery('#email_new').val(jQuery('#email').val());\n    }\n<\/script>\n\n<style>\n\n    form button[type=\"button\"] {\n        background-color: #0083C9;\n        color: white;\n        border: none;\n        padding: 10px 20px;\n        font-size: 1vw;\n        margin: 20px 0 0;\n        float: right;\n    }\n\n    form button[type=\"button\"]:hover {\n        background-color: #00588b;\n        cursor: pointer;\n    }\n\n<\/style>\n<\/div><\/section><\/div>\n<style type=\"text\/css\" data-created_by=\"avia_inline_auto\" id=\"style-css-av-aucmk-cd2de1bcf0909c31832eeeea106cde21\">\n.flex_column.av-aucmk-cd2de1bcf0909c31832eeeea106cde21{\nborder-radius:0px 0px 0px 0px;\npadding:0px 0px 0px 0px;\n}\n<\/style>\n<div  class='flex_column av-aucmk-cd2de1bcf0909c31832eeeea106cde21 av_one_fifth  avia-builder-el-9  el_after_av_three_fifth  avia-builder-el-last  flex_column_div av-hide-on-mobile av-zero-column-padding  column-top-margin'     ><\/div>\n","protected":false},"excerpt":{"rendered":"","protected":false},"author":4,"featured_media":0,"parent":0,"menu_order":79,"comment_status":"closed","ping_status":"closed","template":"","meta":{"footnotes":""},"class_list":["post-700","page","type-page","status-publish","hentry"],"yoast_head":"<!-- This site is optimized with the Yoast SEO plugin v27.1.1 - https:\/\/yoast.com\/product\/yoast-seo-wordpress\/ -->\n<title>Geben Sie zun\u00e4chst den Return Key Code und die aktuelle E-Mail-Adresse ein - Return Key<\/title>\n<meta name=\"description\" content=\"Ben\u00f6tigt Ihr Return Key Schl\u00fcsselanh\u00e4nger eine andere E-Mail-Adresse? Das k\u00f6nnen Sie auf dieser Seite tun. Damit Sie nichts mehr zu verlieren haben!\" \/>\n<meta name=\"robots\" content=\"index, follow, max-snippet:-1, max-image-preview:large, max-video-preview:-1\" \/>\n<link rel=\"canonical\" href=\"https:\/\/return-key.com\/de\/registrierung-aendern\/\" \/>\n<meta property=\"og:locale\" content=\"de_DE\" \/>\n<meta property=\"og:type\" content=\"article\" \/>\n<meta property=\"og:title\" content=\"Geben Sie zun\u00e4chst den Return Key Code und die aktuelle E-Mail-Adresse ein - Return Key\" \/>\n<meta property=\"og:description\" content=\"Ben\u00f6tigt Ihr Return Key Schl\u00fcsselanh\u00e4nger eine andere E-Mail-Adresse? Das k\u00f6nnen Sie auf dieser Seite tun. Damit Sie nichts mehr zu verlieren haben!\" \/>\n<meta property=\"og:url\" content=\"https:\/\/return-key.com\/de\/registrierung-aendern\/\" \/>\n<meta property=\"og:site_name\" content=\"Return Key\" \/>\n<meta property=\"article:modified_time\" content=\"2021-03-19T16:37:42+00:00\" \/>\n<meta name=\"twitter:card\" content=\"summary_large_image\" \/>\n<script type=\"application\/ld+json\" class=\"yoast-schema-graph\">{\"@context\":\"https:\/\/schema.org\",\"@graph\":[{\"@type\":\"WebPage\",\"@id\":\"https:\/\/return-key.com\/de\/registrierung-aendern\/\",\"url\":\"https:\/\/return-key.com\/de\/registrierung-aendern\/\",\"name\":\"Geben Sie zun\u00e4chst den Return Key Code und die aktuelle E-Mail-Adresse ein - Return Key\",\"isPartOf\":{\"@id\":\"https:\/\/return-key.com\/de\/#website\"},\"datePublished\":\"2020-11-13T17:24:38+00:00\",\"dateModified\":\"2021-03-19T16:37:42+00:00\",\"description\":\"Ben\u00f6tigt Ihr Return Key Schl\u00fcsselanh\u00e4nger eine andere E-Mail-Adresse? Das k\u00f6nnen Sie auf dieser Seite tun. Damit Sie nichts mehr zu verlieren haben!\",\"breadcrumb\":{\"@id\":\"https:\/\/return-key.com\/de\/registrierung-aendern\/#breadcrumb\"},\"inLanguage\":\"de\",\"potentialAction\":[{\"@type\":\"ReadAction\",\"target\":[\"https:\/\/return-key.com\/de\/registrierung-aendern\/\"]}]},{\"@type\":\"BreadcrumbList\",\"@id\":\"https:\/\/return-key.com\/de\/registrierung-aendern\/#breadcrumb\",\"itemListElement\":[{\"@type\":\"ListItem\",\"position\":1,\"name\":\"Home\",\"item\":\"https:\/\/return-key.com\/de\/\"},{\"@type\":\"ListItem\",\"position\":2,\"name\":\"Registrierung \u00e4ndern\"}]},{\"@type\":\"WebSite\",\"@id\":\"https:\/\/return-key.com\/de\/#website\",\"url\":\"https:\/\/return-key.com\/de\/\",\"name\":\"Return Key\",\"description\":\"People are honest\",\"publisher\":{\"@id\":\"https:\/\/return-key.com\/de\/#organization\"},\"potentialAction\":[{\"@type\":\"SearchAction\",\"target\":{\"@type\":\"EntryPoint\",\"urlTemplate\":\"https:\/\/return-key.com\/de\/?s={search_term_string}\"},\"query-input\":{\"@type\":\"PropertyValueSpecification\",\"valueRequired\":true,\"valueName\":\"search_term_string\"}}],\"inLanguage\":\"de\"},{\"@type\":\"Organization\",\"@id\":\"https:\/\/return-key.com\/de\/#organization\",\"name\":\"Return Key\",\"url\":\"https:\/\/return-key.com\/de\/\",\"logo\":{\"@type\":\"ImageObject\",\"inLanguage\":\"de\",\"@id\":\"https:\/\/return-key.com\/de\/#\/schema\/logo\/image\/\",\"url\":\"https:\/\/return-key.com\/wp-content\/uploads\/2020\/07\/Return-Key-weblogo-1.png\",\"contentUrl\":\"https:\/\/return-key.com\/wp-content\/uploads\/2020\/07\/Return-Key-weblogo-1.png\",\"width\":340,\"height\":71,\"caption\":\"Return Key\"},\"image\":{\"@id\":\"https:\/\/return-key.com\/de\/#\/schema\/logo\/image\/\"}}]}<\/script>\n<!-- \/ Yoast SEO plugin. -->","yoast_head_json":{"title":"Geben Sie zun\u00e4chst den Return Key Code und die aktuelle E-Mail-Adresse ein - Return Key","description":"Ben\u00f6tigt Ihr Return Key Schl\u00fcsselanh\u00e4nger eine andere E-Mail-Adresse? Das k\u00f6nnen Sie auf dieser Seite tun. Damit Sie nichts mehr zu verlieren haben!","robots":{"index":"index","follow":"follow","max-snippet":"max-snippet:-1","max-image-preview":"max-image-preview:large","max-video-preview":"max-video-preview:-1"},"canonical":"https:\/\/return-key.com\/de\/registrierung-aendern\/","og_locale":"de_DE","og_type":"article","og_title":"Geben Sie zun\u00e4chst den Return Key Code und die aktuelle E-Mail-Adresse ein - Return Key","og_description":"Ben\u00f6tigt Ihr Return Key Schl\u00fcsselanh\u00e4nger eine andere E-Mail-Adresse? Das k\u00f6nnen Sie auf dieser Seite tun. Damit Sie nichts mehr zu verlieren haben!","og_url":"https:\/\/return-key.com\/de\/registrierung-aendern\/","og_site_name":"Return Key","article_modified_time":"2021-03-19T16:37:42+00:00","twitter_card":"summary_large_image","schema":{"@context":"https:\/\/schema.org","@graph":[{"@type":"WebPage","@id":"https:\/\/return-key.com\/de\/registrierung-aendern\/","url":"https:\/\/return-key.com\/de\/registrierung-aendern\/","name":"Geben Sie zun\u00e4chst den Return Key Code und die aktuelle E-Mail-Adresse ein - Return Key","isPartOf":{"@id":"https:\/\/return-key.com\/de\/#website"},"datePublished":"2020-11-13T17:24:38+00:00","dateModified":"2021-03-19T16:37:42+00:00","description":"Ben\u00f6tigt Ihr Return Key Schl\u00fcsselanh\u00e4nger eine andere E-Mail-Adresse? Das k\u00f6nnen Sie auf dieser Seite tun. Damit Sie nichts mehr zu verlieren haben!","breadcrumb":{"@id":"https:\/\/return-key.com\/de\/registrierung-aendern\/#breadcrumb"},"inLanguage":"de","potentialAction":[{"@type":"ReadAction","target":["https:\/\/return-key.com\/de\/registrierung-aendern\/"]}]},{"@type":"BreadcrumbList","@id":"https:\/\/return-key.com\/de\/registrierung-aendern\/#breadcrumb","itemListElement":[{"@type":"ListItem","position":1,"name":"Home","item":"https:\/\/return-key.com\/de\/"},{"@type":"ListItem","position":2,"name":"Registrierung \u00e4ndern"}]},{"@type":"WebSite","@id":"https:\/\/return-key.com\/de\/#website","url":"https:\/\/return-key.com\/de\/","name":"Return Key","description":"People are honest","publisher":{"@id":"https:\/\/return-key.com\/de\/#organization"},"potentialAction":[{"@type":"SearchAction","target":{"@type":"EntryPoint","urlTemplate":"https:\/\/return-key.com\/de\/?s={search_term_string}"},"query-input":{"@type":"PropertyValueSpecification","valueRequired":true,"valueName":"search_term_string"}}],"inLanguage":"de"},{"@type":"Organization","@id":"https:\/\/return-key.com\/de\/#organization","name":"Return Key","url":"https:\/\/return-key.com\/de\/","logo":{"@type":"ImageObject","inLanguage":"de","@id":"https:\/\/return-key.com\/de\/#\/schema\/logo\/image\/","url":"https:\/\/return-key.com\/wp-content\/uploads\/2020\/07\/Return-Key-weblogo-1.png","contentUrl":"https:\/\/return-key.com\/wp-content\/uploads\/2020\/07\/Return-Key-weblogo-1.png","width":340,"height":71,"caption":"Return Key"},"image":{"@id":"https:\/\/return-key.com\/de\/#\/schema\/logo\/image\/"}}]}},"_links":{"self":[{"href":"https:\/\/return-key.com\/de\/wp-json\/wp\/v2\/pages\/700","targetHints":{"allow":["GET"]}}],"collection":[{"href":"https:\/\/return-key.com\/de\/wp-json\/wp\/v2\/pages"}],"about":[{"href":"https:\/\/return-key.com\/de\/wp-json\/wp\/v2\/types\/page"}],"author":[{"embeddable":true,"href":"https:\/\/return-key.com\/de\/wp-json\/wp\/v2\/users\/4"}],"replies":[{"embeddable":true,"href":"https:\/\/return-key.com\/de\/wp-json\/wp\/v2\/comments?post=700"}],"version-history":[{"count":0,"href":"https:\/\/return-key.com\/de\/wp-json\/wp\/v2\/pages\/700\/revisions"}],"wp:attachment":[{"href":"https:\/\/return-key.com\/de\/wp-json\/wp\/v2\/media?parent=700"}],"curies":[{"name":"wp","href":"https:\/\/api.w.org\/{rel}","templated":true}]}}