{"id":813,"date":"2020-12-08T09:48:09","date_gmt":"2020-12-08T08:48:09","guid":{"rendered":"https:\/\/staging.return-key.com\/?page_id=813"},"modified":"2022-02-02T10:47:27","modified_gmt":"2022-02-02T09:47:27","slug":"ueber-uns","status":"publish","type":"page","link":"https:\/\/return-key.com\/de\/ueber-uns\/","title":{"rendered":"\u00dcber uns"},"content":{"rendered":"\n<style type=\"text\/css\" data-created_by=\"avia_inline_auto\" id=\"style-css-av-kcuhhw6l-dbcfdae627e2f63b7db10f2de9b2a05d\">\n.avia-image-container.av-kcuhhw6l-dbcfdae627e2f63b7db10f2de9b2a05d img.avia_image{\nbox-shadow:none;\n}\n.avia-image-container.av-kcuhhw6l-dbcfdae627e2f63b7db10f2de9b2a05d .av-image-caption-overlay-center{\ncolor:#ffffff;\n}\n<\/style>\n<div  class='avia-image-container av-kcuhhw6l-dbcfdae627e2f63b7db10f2de9b2a05d av-styling- avia-align-center  avia-builder-el-0  el_before_av_textblock  avia-builder-el-first '   itemprop=\"image\" itemscope=\"itemscope\" itemtype=\"https:\/\/schema.org\/ImageObject\" ><div class=\"avia-image-container-inner\"><div class=\"avia-image-overlay-wrap\"><img decoding=\"async\" fetchpriority=\"high\" class='wp-image-324 avia-img-lazy-loading-not-324 avia_image ' src=\"https:\/\/return-key.com\/wp-content\/uploads\/2020\/07\/return-key-icon-heart.png\" alt='' title='return-key-icon-heart'  height=\"120\" width=\"120\"  itemprop=\"thumbnailUrl\" srcset=\"https:\/\/return-key.com\/wp-content\/uploads\/2020\/07\/return-key-icon-heart.png 120w, https:\/\/return-key.com\/wp-content\/uploads\/2020\/07\/return-key-icon-heart-100x100.png 100w, https:\/\/return-key.com\/wp-content\/uploads\/2020\/07\/return-key-icon-heart-80x80.png 80w, https:\/\/return-key.com\/wp-content\/uploads\/2020\/07\/return-key-icon-heart-36x36.png 36w\" sizes=\"(max-width: 120px) 100vw, 120px\" \/><\/div><\/div><\/div>\n<section  class='av_textblock_section av-kcuhvcra-d0edfccfa778800933abab9360c59e3f '   itemscope=\"itemscope\" itemtype=\"https:\/\/schema.org\/CreativeWork\" ><div class='avia_textblock'  itemprop=\"text\" ><h2 style=\"text-align: center;\">Wussten Sie, dass schl\u00fcssel zu den meist gefundenen Gegenst\u00e4nden in den Niederlanden z\u00e4hlen?<\/h2>\n<h3 style=\"color: #f7c64d; text-align: center;\">Nur Schmuck geht \u00f6fter verloren<\/h3>\n<\/div><\/section>\n<\/div><\/div><\/div><!-- close content main div --><\/div><\/div><div id='av_section_1'  class='avia-section av-2eds-4d28da469ded33069c8dfc21ff43b2db main_color avia-section-small avia-no-border-styling  avia-builder-el-2  el_after_av_textblock  el_before_av_hr  smallcontent avia-bg-style-scroll container_wrap fullsize'  ><div class='container av-section-cont-open' ><div class='template-page content  av-content-full alpha units'><div class='post-entry post-entry-type-page post-entry-813'><div class='entry-content-wrapper clearfix'>\n\n<style type=\"text\/css\" data-created_by=\"avia_inline_auto\" id=\"style-css-av-kh21kt3d-1084ac7e1f9a037acc21f3f2a5b42341\">\n.flex_column.av-kh21kt3d-1084ac7e1f9a037acc21f3f2a5b42341{\nborder-radius:0px 0px 0px 0px;\npadding:0px 0px 0px 0px;\n}\n<\/style>\n<div  class='flex_column av-kh21kt3d-1084ac7e1f9a037acc21f3f2a5b42341 av_one_fifth  avia-builder-el-3  el_before_av_three_fifth  avia-builder-el-first  first flex_column_div av-hide-on-mobile av-zero-column-padding  '     ><\/div>\n<style type=\"text\/css\" data-created_by=\"avia_inline_auto\" id=\"style-css-av-66g4-9328dcedbc698bd75785c73847e3e3ce\">\n.flex_column.av-66g4-9328dcedbc698bd75785c73847e3e3ce{\nborder-radius:0px 0px 0px 0px;\npadding:0px 50px 50px 50px;\nbackground-color:#ffffff;\n}\n<\/style>\n<div  class='flex_column av-66g4-9328dcedbc698bd75785c73847e3e3ce av_three_fifth  avia-builder-el-4  el_after_av_one_fifth  avia-builder-el-last  flex_column_div  '     ><section  class='av_textblock_section av-kcuhvcra-d0edfccfa778800933abab9360c59e3f '   itemscope=\"itemscope\" itemtype=\"https:\/\/schema.org\/CreativeWork\" ><div class='avia_textblock'  itemprop=\"text\" ><p><span style=\"font-weight: 400;\">Das wei\u00df ich, Jacco Deen, auch aus Erfahrung: Als DJ spiele ich auf vielen Partys. An so einem Abend nehme ich fast so viele verlorene Schl\u00fcssel entgegen wie Musikw\u00fcnsche. Okay, das mag etwas \u00fcbertrieben sein. Aber Sie verstehen, was ich meine.<\/span><\/p>\n<p><span style=\"font-weight: 400;\">Warum \u2013 so dachte ich damals \u2013 gibt es daf\u00fcr keine gute L\u00f6sung? Mein n\u00e4chster Gedanke war: Warum finde ich nicht selbst eine L\u00f6sung? Schlie\u00dflich bin ich nicht nur DJ, sondern auch Unternehmer.<\/span><\/p>\n<p><span style=\"font-weight: 400;\">Gedacht, getan: Return Key war geboren.<\/span><\/p>\n<h2>SCHL\u00dcSSELANH\u00c4NGER MIT R\u00dcCKGABESERVICE<\/h2>\n<p>Als mir die Idee zu Return Key kam, habe ich mir das so vorgestellt: ein Schl\u00fcsselanh\u00e4nger mit einem einmaligen Code, den man online registriert. Der Finder gibt den Code ein und der Besitzer erh\u00e4lt eine E-Mail. Er kann seine Schl\u00fcssel dann abholen.<\/p>\n<p>Eigentlich eine simple Idee\u2026 gab es so etwas nicht schon? Eben nicht! Toll &#8211; Ich machte mich an die Arbeit.<br \/>\nOk, ich hatte also schon mal ein handfestes Konzept. Jetzt fehlte nur noch ein Kunde. Gl\u00fccklicherweise habe ich damals nebenbei f\u00fcr eine Versicherungsgesellschaft gearbeitet. Ich fragte, ob sie interessiert seien. Und ja: Ich durfte Return Key in der Zentrale pr\u00e4sentieren. Sie bestellten sofort 1.000 St\u00fcck, mit eigenem Logo. Hurra!<\/p>\n<h2>MEHR ALS 200.000 SCHL\u00dcSSELANH\u00c4NGER IM UMLAUF<\/h2>\n<p>Return Key kam 2007 auf den Markt. Mittlerweile sind mehr als 200.000 Exemplare im Umlauf. Und jeden Tag finden dank des kostenlosen R\u00fcckgabeservice Schl\u00fcssel zu ihrem Besitzer zur\u00fcck.<\/p>\n<p>Wir erhalten regelm\u00e4\u00dfig Reaktionen von gl\u00fccklichen Menschen:<\/p>\n<p style=\"text-align: center;\"><em>&#8222;Ich ging mit unserem Hund spazieren. Bevor ich mich versah, erhielt ich eine E-Mail, dass meine Schl\u00fcssel im Park gefunden worden waren. Danke vielmals!&#8220;<\/em><\/p>\n<p style=\"text-align: center;\"><em>&#8222;An meinem Schl\u00fcsselbund h\u00e4ngt meine Medizin. Ich habe sie einmal im Supermarkt verloren. Innerhalb einer Stunde hatte ich sie zur\u00fcck. Ich bin sehr zufrieden mit dem Service, denn auf meine Medizin kann ich nicht verzichten.&#8220;<\/em><\/p>\n<p style=\"text-align: center;\"><em>&#8222;Praktisch so ein Schl\u00fcsselanh\u00e4nger. Normalerweise werfe ich sowas sofort weg, was soll man damit? Aber diesen werde ich sicher verwenden!&#8220;<\/em><\/p>\n<p>Sehen Sie, genau daf\u00fcr tue ich es: nicht nur des Gesch\u00e4fts wegen, sondern auch f\u00fcr mein Karma.<\/p>\n<\/div><\/section><\/div>\n<\/div><\/div><\/div><!-- close content main div --><\/div><\/div><div id='after_section_1'  class='main_color av_default_container_wrap container_wrap fullsize'  ><div class='container av-section-cont-open' ><div class='template-page content  av-content-full alpha units'><div class='post-entry post-entry-type-page post-entry-813'><div class='entry-content-wrapper clearfix'>\n\n<style type=\"text\/css\" data-created_by=\"avia_inline_auto\" id=\"style-css-av-kcuhzt46-fb0a1d229360c7fc7db386db99e33140\">\n#top .hr.hr-invisible.av-kcuhzt46-fb0a1d229360c7fc7db386db99e33140{\nheight:20px;\n}\n<\/style>\n<div  class='hr av-kcuhzt46-fb0a1d229360c7fc7db386db99e33140 hr-invisible  avia-builder-el-6  el_after_av_section  el_before_av_image  avia-builder-el-first '><span class='hr-inner '><span class=\"hr-inner-style\"><\/span><\/span><\/div>\n\n<style type=\"text\/css\" data-created_by=\"avia_inline_auto\" id=\"style-css-av-kcuhr3um-abccad230d734d099e6543f7ae6dafc6\">\n.avia-image-container.av-kcuhr3um-abccad230d734d099e6543f7ae6dafc6 img.avia_image{\nbox-shadow:none;\n}\n.avia-image-container.av-kcuhr3um-abccad230d734d099e6543f7ae6dafc6 .av-image-caption-overlay-center{\ncolor:#ffffff;\n}\n<\/style>\n<div  class='avia-image-container av-kcuhr3um-abccad230d734d099e6543f7ae6dafc6 av-styling- avia-align-center  avia-builder-el-7  el_after_av_hr  el_before_av_one_fifth '   itemprop=\"image\" itemscope=\"itemscope\" itemtype=\"https:\/\/schema.org\/ImageObject\" ><div class=\"avia-image-container-inner\"><div class=\"avia-image-overlay-wrap\"><img decoding=\"async\" fetchpriority=\"high\" class='wp-image-216 avia-img-lazy-loading-not-216 avia_image ' src=\"https:\/\/return-key.com\/wp-content\/uploads\/2020\/07\/divider.png\" alt='' title='divider'  height=\"25\" width=\"147\"  itemprop=\"thumbnailUrl\"  \/><\/div><\/div><\/div>\n\n<style type=\"text\/css\" data-created_by=\"avia_inline_auto\" id=\"style-css-av-fr1sb-dc5aa86c65a936b4348414c40639cf4a\">\n.flex_column.av-fr1sb-dc5aa86c65a936b4348414c40639cf4a{\nborder-radius:0px 0px 0px 0px;\npadding:0px 0px 0px 0px;\n}\n<\/style>\n<div  class='flex_column av-fr1sb-dc5aa86c65a936b4348414c40639cf4a av_one_fifth  avia-builder-el-8  el_after_av_image  el_before_av_three_fifth  first flex_column_div av-zero-column-padding  '     ><\/div>\n\n<style type=\"text\/css\" data-created_by=\"avia_inline_auto\" id=\"style-css-av-btjnf-8a804b9ff666ad301205f28348770345\">\n.flex_column.av-btjnf-8a804b9ff666ad301205f28348770345{\nborder-radius:0px 0px 0px 0px;\npadding:0px 0px 0px 0px;\n}\n<\/style>\n<div  class='flex_column av-btjnf-8a804b9ff666ad301205f28348770345 av_three_fifth  avia-builder-el-9  el_after_av_one_fifth  el_before_av_section  avia-builder-el-last  flex_column_div av-zero-column-padding  '     ><section  class='av_textblock_section av-kcki3axm-1367ed8df3941cab094b0fb0e4222221 '   itemscope=\"itemscope\" itemtype=\"https:\/\/schema.org\/CreativeWork\" ><div class='avia_textblock'  itemprop=\"text\" ><h2>Der <em>einzige<\/em> R\u00fcckgabeservice f\u00fcr Schl\u00fcssel<\/h2>\n<p><span style=\"font-weight: 400;\">Fr\u00fcher haben auch einige Banken einen Schl\u00fcsselr\u00fcckgabeservice angeboten. Aber seit 2016 haben alle damit aufgeh\u00f6rt. <\/span><\/p>\n<p><span style=\"font-weight: 400;\">Jetzt ist Return Key der einzige R\u00fcckgabeservice f\u00fcr Schl\u00fcssel. F\u00fcr unter 10 Euro bekommen Sie schon einen Schl\u00fcsselanh\u00e4nger mit einmaligem Code. Und Sie m\u00fcssen sich nicht mehr sorgen, Ihre Schl\u00fcssel f\u00fcr immer zu verlieren.<\/span><\/p>\n<\/div><\/section><br \/>\n<div  class='avia-button-wrap av-ki8qn7k3-bc3937fa39dbfc5ae6504e838d3b03cc-wrap avia-button-center  avia-builder-el-11  el_after_av_textblock  avia-builder-el-last '><a href='https:\/\/return-key.com\/de\/shop\/'  class='avia-button av-ki8qn7k3-bc3937fa39dbfc5ae6504e838d3b03cc av-link-btn avia-icon_select-no avia-size-large avia-position-center avia-color-orange'   aria-label=\"Jetzt bestellen\"><span class='avia_iconbox_title' >Jetzt bestellen<\/span><\/a><\/div><\/p><\/div><\/div><\/div><\/div><!-- close content main div --><\/div><\/div><div id='rk-usp'  class='avia-section av-2dq6-865d16de9745dd088415f6ec64f7f626 main_color avia-section-no-padding avia-no-border-styling  avia-builder-el-12  el_after_av_three_fifth  el_before_av_section  avia-bg-style-scroll av-minimum-height av-minimum-height-custom av-height-custom  container_wrap fullsize'   data-av_minimum_height_px='240'><div class='container av-section-cont-open' style='height:240px'><div class='template-page content  av-content-full alpha units'><div class='post-entry post-entry-type-page post-entry-813'><div class='entry-content-wrapper clearfix'>\n<div class='flex_column_table av-3zqi-827d314cf85eb318c428e3de181262b2 sc-av_one_half av-equal-height-column-flextable'>\n<style type=\"text\/css\" data-created_by=\"avia_inline_auto\" id=\"style-css-av-3zqi-827d314cf85eb318c428e3de181262b2\">\n.flex_column.av-3zqi-827d314cf85eb318c428e3de181262b2{\nborder-radius:0px 0px 0px 0px;\npadding:0px 0px 0px 0px;\nbackground:url(https:\/\/return-key.com\/wp-content\/uploads\/2020\/07\/return-key-lost-plant-hd-495x400.jpg) 50% 50% no-repeat scroll ;\n}\n<\/style>\n<div  class='flex_column av-3zqi-827d314cf85eb318c428e3de181262b2 av_one_half  avia-builder-el-13  el_before_av_one_half  avia-builder-el-first  first no_margin flex_column_table_cell av-equal-height-column av-align-middle av-zero-column-padding avia-full-stretch  '     ><\/div>\n<style type=\"text\/css\" data-created_by=\"avia_inline_auto\" id=\"style-css-av-3zqi-e9eacc847cf30bcdf07dd2be4a751f17\">\n.flex_column.av-3zqi-e9eacc847cf30bcdf07dd2be4a751f17{\nborder-radius:0px 0px 0px 0px;\npadding:50px 50px 50px 50px;\nbackground-color:#94c221;\n}\n<\/style>\n<div  class='flex_column av-3zqi-e9eacc847cf30bcdf07dd2be4a751f17 av_one_half  avia-builder-el-14  el_after_av_one_half  avia-builder-el-last  no_margin flex_column_table_cell av-equal-height-column av-align-middle  '     ><p>\n<style type=\"text\/css\" data-created_by=\"avia_inline_auto\" id=\"style-css-av-kckonkrb-4f6e4007dd12b3a4ab3c3dc65cf4af3b\">\n#top .avia-icon-list-container.av-kckonkrb-4f6e4007dd12b3a4ab3c3dc65cf4af3b .iconlist_icon{\ncolor:#94c221;\nbackground-color:#ffffff;\n}\n#top .avia-icon-list-container.av-kckonkrb-4f6e4007dd12b3a4ab3c3dc65cf4af3b .iconlist_icon svg:first-child{\nstroke:#94c221;\nfill:#94c221;\n}\n#top #wrap_all .avia-icon-list-container.av-kckonkrb-4f6e4007dd12b3a4ab3c3dc65cf4af3b .av_iconlist_title{\ncolor:#ffffff;\n}\n<\/style>\n<div  class='avia-icon-list-container av-kckonkrb-4f6e4007dd12b3a4ab3c3dc65cf4af3b  avia-builder-el-15  el_before_av_hr  avia-builder-el-first '><ul class='avia-icon-list avia_animate_when_almost_visible avia-icon-list-left av-iconlist-big av-kckonkrb-4f6e4007dd12b3a4ab3c3dc65cf4af3b avia-iconlist-animate'>\n<li><div class='iconlist_icon av-ju283-8d186ed5e2dd1f4f8cb5af9770d1908a avia-font-entypo-fontello avia-iconfont avia-font-entypo-fontello'><span class='av-icon-char' data-av_icon='\ue812' data-av_iconfont='entypo-fontello' aria-hidden=\"true\"><\/span><\/div><article class=\"article-icon-entry av-iconlist-empty\"  itemscope=\"itemscope\" itemtype=\"https:\/\/schema.org\/CreativeWork\" ><div class=\"iconlist_content_wrap\"><header class=\"entry-content-header\" aria-label=\"Icon: In jeder Form und Farbe\"><h4 class='av_iconlist_title iconlist_title  av_inherit_color'  itemprop=\"headline\" >In jeder Form und Farbe<\/h4><\/header><div class='iconlist_content '  itemprop=\"text\" ><\/div><\/div><footer class=\"entry-footer\"><\/footer><\/article><div class=\"iconlist-timeline\"><\/div><\/li>\n<li><div class='iconlist_icon av-dgamb-1b64f22cccb93042058597f43c36c6b9 avia-font-entypo-fontello avia-iconfont avia-font-entypo-fontello'><span class='av-icon-char' data-av_icon='\ue812' data-av_iconfont='entypo-fontello' aria-hidden=\"true\"><\/span><\/div><article class=\"article-icon-entry av-iconlist-empty\"  itemscope=\"itemscope\" itemtype=\"https:\/\/schema.org\/CreativeWork\" ><div class=\"iconlist_content_wrap\"><header class=\"entry-content-header\" aria-label=\"Icon: Qualit\u00e4ts-Schl\u00fcsselanh\u00e4nger\"><h4 class='av_iconlist_title iconlist_title  av_inherit_color'  itemprop=\"headline\" >Qualit\u00e4ts-Schl\u00fcsselanh\u00e4nger<\/h4><\/header><div class='iconlist_content '  itemprop=\"text\" ><\/div><\/div><footer class=\"entry-footer\"><\/footer><\/article><div class=\"iconlist-timeline\"><\/div><\/li>\n<li><div class='iconlist_icon av-bcxnn-8739f1f5a6907bee56ef80946c406bac avia-font-entypo-fontello avia-iconfont avia-font-entypo-fontello'><span class='av-icon-char' data-av_icon='\ue812' data-av_iconfont='entypo-fontello' aria-hidden=\"true\"><\/span><\/div><article class=\"article-icon-entry av-iconlist-empty\"  itemscope=\"itemscope\" itemtype=\"https:\/\/schema.org\/CreativeWork\" ><div class=\"iconlist_content_wrap\"><header class=\"entry-content-header\" aria-label=\"Icon: Lebenslanger R\u00fcckgabeservice\"><h4 class='av_iconlist_title iconlist_title  av_inherit_color'  itemprop=\"headline\" >Lebenslanger R\u00fcckgabeservice<\/h4><\/header><div class='iconlist_content '  itemprop=\"text\" ><\/div><\/div><footer class=\"entry-footer\"><\/footer><\/article><div class=\"iconlist-timeline\"><\/div><\/li>\n<\/ul><\/div><br \/>\n\n<style type=\"text\/css\" data-created_by=\"avia_inline_auto\" id=\"style-css-av-kckp26jr-c46c8090d2046a21ad0139cacd9f0758\">\n#top .hr.hr-invisible.av-kckp26jr-c46c8090d2046a21ad0139cacd9f0758{\nheight:70px;\n}\n<\/style>\n<div  class='hr av-kckp26jr-c46c8090d2046a21ad0139cacd9f0758 hr-invisible  avia-builder-el-16  el_after_av_iconlist  avia-builder-el-last '><span class='hr-inner '><span class=\"hr-inner-style\"><\/span><\/span><\/div><\/p><\/div><\/div><!--close column table wrapper. Autoclose: 1 -->\n<\/p>\n<\/div><\/div><\/div><!-- close content main div --><\/div><\/div>\n<style type=\"text\/css\" data-created_by=\"avia_inline_auto\" id=\"style-css-av-kd0947t0-89993b47a0316dcda961934441bdfa75\">\n.avia-section.av-kd0947t0-89993b47a0316dcda961934441bdfa75{\nbackground-color:#ffffff;\nbackground-image:unset;\n}\n<\/style>\n<div id='rk-reviews'  class='avia-section av-kd0947t0-89993b47a0316dcda961934441bdfa75 main_color avia-section-small avia-no-border-styling  avia-builder-el-17  el_after_av_section  avia-builder-el-last  avia-bg-style-scroll av-minimum-height av-minimum-height-custom av-height-custom  container_wrap fullsize'   data-av_minimum_height_px='240'><div class='container av-section-cont-open' style='height:240px'><div class='template-page content  av-content-full alpha units'><div class='post-entry post-entry-type-page post-entry-813'><div class='entry-content-wrapper clearfix'>\n\n<style type=\"text\/css\" data-created_by=\"avia_inline_auto\" id=\"style-css-av-kd07v9ge-16b84111995474b2c26eba966f86ece5\">\n#top .flex_column.av-kd07v9ge-16b84111995474b2c26eba966f86ece5{\nmargin-top:-45px;\nmargin-bottom:0px;\n}\n.flex_column.av-kd07v9ge-16b84111995474b2c26eba966f86ece5{\nborder-radius:0px 0px 0px 0px;\npadding:45px 50px 30px 50px;\nbackground-color:#f9eacb;\n}\n.responsive #top #wrap_all .flex_column.av-kd07v9ge-16b84111995474b2c26eba966f86ece5{\nmargin-top:-45px;\nmargin-bottom:0px;\n}\n<\/style>\n<div  class='flex_column av-kd07v9ge-16b84111995474b2c26eba966f86ece5 av_one_full  avia-builder-el-18  avia-builder-el-no-sibling  first no_margin flex_column_div  '     ><style type=\"text\/css\" data-created_by=\"avia_inline_auto\" id=\"style-css-av-kcow8xj2-e6ebb43c6f264978cb075e9691587914\">\n#top .av_textblock_section.av-kcow8xj2-e6ebb43c6f264978cb075e9691587914 .avia_textblock{\ncolor:#000000;\n}\n<\/style>\n<section  class='av_textblock_section av-kcow8xj2-e6ebb43c6f264978cb075e9691587914 '   itemscope=\"itemscope\" itemtype=\"https:\/\/schema.org\/CreativeWork\" ><div class='avia_textblock av_inherit_color'  itemprop=\"text\" ><p style=\"text-align: center;\"><span id=\"m_-1727937555331164850gmail-:uw.co\" dir=\"ltr\">Unsere Partner<\/span>:<\/p>\n<\/div><\/section><br \/>\n<div  class='avia-logo-element-container av-kcow9n6d-e48a5ce07ce8e5c01e6cf15c97569afa av-border-deactivate avia-logo-grid avia-content-slider avia-smallarrow-slider avia-content-grid-active noHover avia-content-slider-even  avia-builder-el-20  el_after_av_textblock  avia-builder-el-last  avia-content-slider1' ><div class='avia-smallarrow-slider-heading  no-logo-slider-heading '><div class='new-special-heading'>&nbsp;<\/div><\/div><div class=\"avia-content-slider-inner\"><div class=\"slide-entry-wrap\"><div  class='slide-entry av-av_partner_logo-a752831865aec69b0fd61d2cbfa588a5 flex_column no_margin av_one_half real-thumbnail post-entry slide-entry-overview slide-loop-1 slide-parity-odd  first'><img decoding=\"async\" fetchpriority=\"high\" width=\"300\" height=\"169\" src=\"https:\/\/return-key.com\/wp-content\/uploads\/2021\/03\/amazingy-logo-300x169.gif\" class=\"wp-image-15375 avia-img-lazy-loading-not-15375 attachment-medium size-medium\" alt=\"\" \/><\/div><div  class='slide-entry av-b614-733ed13dcac2aac7fe9de5a3f4bd09f4 flex_column no_margin av_one_half real-thumbnail post-entry slide-entry-overview slide-loop-2 slide-parity-even post-entry-last '><img decoding=\"async\" fetchpriority=\"high\" width=\"300\" height=\"169\" src=\"https:\/\/return-key.com\/wp-content\/uploads\/2020\/07\/securitas-logo-300x169.gif\" class=\"wp-image-179 avia-img-lazy-loading-not-179 attachment-medium size-medium\" alt=\"\" \/><\/div><\/div><\/div><\/div><\/p><\/div>\n\n","protected":false},"excerpt":{"rendered":"","protected":false},"author":4,"featured_media":0,"parent":0,"menu_order":47,"comment_status":"closed","ping_status":"closed","template":"","meta":{"footnotes":""},"class_list":["post-813","page","type-page","status-publish","hentry"],"yoast_head":"<!-- This site is optimized with the Yoast SEO plugin v27.1.1 - https:\/\/yoast.com\/product\/yoast-seo-wordpress\/ -->\n<title>\u00dcber uns - Return Key<\/title>\n<meta name=\"robots\" content=\"index, follow, max-snippet:-1, max-image-preview:large, max-video-preview:-1\" \/>\n<link rel=\"canonical\" href=\"https:\/\/return-key.com\/de\/ueber-uns\/\" \/>\n<meta property=\"og:locale\" content=\"de_DE\" \/>\n<meta property=\"og:type\" content=\"article\" \/>\n<meta property=\"og:title\" content=\"\u00dcber uns - Return Key\" \/>\n<meta property=\"og:url\" content=\"https:\/\/return-key.com\/de\/ueber-uns\/\" \/>\n<meta property=\"og:site_name\" content=\"Return Key\" \/>\n<meta property=\"article:modified_time\" content=\"2022-02-02T09:47:27+00:00\" \/>\n<meta name=\"twitter:card\" content=\"summary_large_image\" \/>\n<script type=\"application\/ld+json\" class=\"yoast-schema-graph\">{\"@context\":\"https:\/\/schema.org\",\"@graph\":[{\"@type\":\"WebPage\",\"@id\":\"https:\/\/return-key.com\/de\/ueber-uns\/\",\"url\":\"https:\/\/return-key.com\/de\/ueber-uns\/\",\"name\":\"\u00dcber uns - Return Key\",\"isPartOf\":{\"@id\":\"https:\/\/return-key.com\/de\/#website\"},\"datePublished\":\"2020-12-08T08:48:09+00:00\",\"dateModified\":\"2022-02-02T09:47:27+00:00\",\"breadcrumb\":{\"@id\":\"https:\/\/return-key.com\/de\/ueber-uns\/#breadcrumb\"},\"inLanguage\":\"de\",\"potentialAction\":[{\"@type\":\"ReadAction\",\"target\":[\"https:\/\/return-key.com\/de\/ueber-uns\/\"]}]},{\"@type\":\"BreadcrumbList\",\"@id\":\"https:\/\/return-key.com\/de\/ueber-uns\/#breadcrumb\",\"itemListElement\":[{\"@type\":\"ListItem\",\"position\":1,\"name\":\"Home\",\"item\":\"https:\/\/return-key.com\/de\/\"},{\"@type\":\"ListItem\",\"position\":2,\"name\":\"\u00dcber uns\"}]},{\"@type\":\"WebSite\",\"@id\":\"https:\/\/return-key.com\/de\/#website\",\"url\":\"https:\/\/return-key.com\/de\/\",\"name\":\"Return Key\",\"description\":\"People are honest\",\"publisher\":{\"@id\":\"https:\/\/return-key.com\/de\/#organization\"},\"potentialAction\":[{\"@type\":\"SearchAction\",\"target\":{\"@type\":\"EntryPoint\",\"urlTemplate\":\"https:\/\/return-key.com\/de\/?s={search_term_string}\"},\"query-input\":{\"@type\":\"PropertyValueSpecification\",\"valueRequired\":true,\"valueName\":\"search_term_string\"}}],\"inLanguage\":\"de\"},{\"@type\":\"Organization\",\"@id\":\"https:\/\/return-key.com\/de\/#organization\",\"name\":\"Return Key\",\"url\":\"https:\/\/return-key.com\/de\/\",\"logo\":{\"@type\":\"ImageObject\",\"inLanguage\":\"de\",\"@id\":\"https:\/\/return-key.com\/de\/#\/schema\/logo\/image\/\",\"url\":\"https:\/\/return-key.com\/wp-content\/uploads\/2020\/07\/Return-Key-weblogo-1.png\",\"contentUrl\":\"https:\/\/return-key.com\/wp-content\/uploads\/2020\/07\/Return-Key-weblogo-1.png\",\"width\":340,\"height\":71,\"caption\":\"Return Key\"},\"image\":{\"@id\":\"https:\/\/return-key.com\/de\/#\/schema\/logo\/image\/\"}}]}<\/script>\n<!-- \/ Yoast SEO plugin. -->","yoast_head_json":{"title":"\u00dcber uns - Return Key","robots":{"index":"index","follow":"follow","max-snippet":"max-snippet:-1","max-image-preview":"max-image-preview:large","max-video-preview":"max-video-preview:-1"},"canonical":"https:\/\/return-key.com\/de\/ueber-uns\/","og_locale":"de_DE","og_type":"article","og_title":"\u00dcber uns - Return Key","og_url":"https:\/\/return-key.com\/de\/ueber-uns\/","og_site_name":"Return Key","article_modified_time":"2022-02-02T09:47:27+00:00","twitter_card":"summary_large_image","schema":{"@context":"https:\/\/schema.org","@graph":[{"@type":"WebPage","@id":"https:\/\/return-key.com\/de\/ueber-uns\/","url":"https:\/\/return-key.com\/de\/ueber-uns\/","name":"\u00dcber uns - Return Key","isPartOf":{"@id":"https:\/\/return-key.com\/de\/#website"},"datePublished":"2020-12-08T08:48:09+00:00","dateModified":"2022-02-02T09:47:27+00:00","breadcrumb":{"@id":"https:\/\/return-key.com\/de\/ueber-uns\/#breadcrumb"},"inLanguage":"de","potentialAction":[{"@type":"ReadAction","target":["https:\/\/return-key.com\/de\/ueber-uns\/"]}]},{"@type":"BreadcrumbList","@id":"https:\/\/return-key.com\/de\/ueber-uns\/#breadcrumb","itemListElement":[{"@type":"ListItem","position":1,"name":"Home","item":"https:\/\/return-key.com\/de\/"},{"@type":"ListItem","position":2,"name":"\u00dcber uns"}]},{"@type":"WebSite","@id":"https:\/\/return-key.com\/de\/#website","url":"https:\/\/return-key.com\/de\/","name":"Return Key","description":"People are honest","publisher":{"@id":"https:\/\/return-key.com\/de\/#organization"},"potentialAction":[{"@type":"SearchAction","target":{"@type":"EntryPoint","urlTemplate":"https:\/\/return-key.com\/de\/?s={search_term_string}"},"query-input":{"@type":"PropertyValueSpecification","valueRequired":true,"valueName":"search_term_string"}}],"inLanguage":"de"},{"@type":"Organization","@id":"https:\/\/return-key.com\/de\/#organization","name":"Return Key","url":"https:\/\/return-key.com\/de\/","logo":{"@type":"ImageObject","inLanguage":"de","@id":"https:\/\/return-key.com\/de\/#\/schema\/logo\/image\/","url":"https:\/\/return-key.com\/wp-content\/uploads\/2020\/07\/Return-Key-weblogo-1.png","contentUrl":"https:\/\/return-key.com\/wp-content\/uploads\/2020\/07\/Return-Key-weblogo-1.png","width":340,"height":71,"caption":"Return Key"},"image":{"@id":"https:\/\/return-key.com\/de\/#\/schema\/logo\/image\/"}}]}},"_links":{"self":[{"href":"https:\/\/return-key.com\/de\/wp-json\/wp\/v2\/pages\/813","targetHints":{"allow":["GET"]}}],"collection":[{"href":"https:\/\/return-key.com\/de\/wp-json\/wp\/v2\/pages"}],"about":[{"href":"https:\/\/return-key.com\/de\/wp-json\/wp\/v2\/types\/page"}],"author":[{"embeddable":true,"href":"https:\/\/return-key.com\/de\/wp-json\/wp\/v2\/users\/4"}],"replies":[{"embeddable":true,"href":"https:\/\/return-key.com\/de\/wp-json\/wp\/v2\/comments?post=813"}],"version-history":[{"count":6,"href":"https:\/\/return-key.com\/de\/wp-json\/wp\/v2\/pages\/813\/revisions"}],"predecessor-version":[{"id":16771,"href":"https:\/\/return-key.com\/de\/wp-json\/wp\/v2\/pages\/813\/revisions\/16771"}],"wp:attachment":[{"href":"https:\/\/return-key.com\/de\/wp-json\/wp\/v2\/media?parent=813"}],"curies":[{"name":"wp","href":"https:\/\/api.w.org\/{rel}","templated":true}]}}