{"id":15411,"date":"2020-11-06T16:24:45","date_gmt":"2020-11-06T15:24:45","guid":{"rendered":"https:\/\/return-key.com\/?post_type=product&#038;p=15411"},"modified":"2021-03-25T18:56:42","modified_gmt":"2021-03-25T17:56:42","slug":"keyfinder-family-paket","status":"publish","type":"product","link":"https:\/\/return-key.com\/de\/produkt\/keyfinder-family-paket\/","title":{"rendered":"Return Key 5x Family-Paket"},"content":{"rendered":"<p>Dieses Family-Paket enth\u00e4lt 5x Schl\u00fcsselanh\u00e4nger und gibt Ihnen zus\u00e4tzlich \u20ac 10,- Rabatt.<\/p>\n<p>Die H\u00e4ngeleuchte ist kompakt, besteht aus Aluminium und ist leicht. Er hat einen kleinen und einen gro\u00dfen Spaltring, so dass er sicher an Ihrem Schl\u00fcssel befestigt ist.<\/p>\n<p>Die Front ist mit einer verschlei\u00dffesten Epoxidschicht beschichtet, so dass eine lange Lebensdauer garantiert ist!<\/p>\n","protected":false},"excerpt":{"rendered":"<p>Versehen Sie Ihre gesamte Familie &#8211; und alle Ihre Schl\u00fcssel &#8211; mit einem Return Key. Denn fr\u00fcher oder sp\u00e4ter passiert es: jemand verliert seinen Schl\u00fcssel. Dank unserer Schl\u00fcsselanh\u00e4nger besteht eine gute Chance, dass sie den Weg nach Hause finden.<\/p>\n<p>Verkn\u00fcpfen Sie einfach die eindeutigen Codes auf den Schl\u00fcsselanh\u00e4ngern mit Ihren E-Mail-Adressen. Dann werden Sie benachrichtigt, wenn der ehrliche Finder den Code auf dieser Website eingibt.<\/p>\n<p>Dieser lebenslange Service ist sicher, anonym und&#8230; kostenlos. Au\u00dferdem ersparen Sie sich den Aufwand, Schl\u00f6sser zu wechseln oder Schl\u00fcssel anzufertigen. Jetzt bestellen.<\/p>\n<p><em>Was haben Sie zu verlieren?<\/em><\/p>\n","protected":false},"featured_media":15419,"template":"","meta":[],"product_brand":[],"product_cat":[47,43],"product_tag":[],"class_list":{"0":"post-15411","1":"product","2":"type-product","3":"status-publish","4":"has-post-thumbnail","6":"product_cat-leistungspaket","7":"product_cat-standard-de-2","9":"first","10":"instock","11":"sale","12":"taxable","13":"shipping-taxable","14":"purchasable","15":"product-type-simple"},"yoast_head":"<!-- This site is optimized with the Yoast SEO plugin v27.1.1 - https:\/\/yoast.com\/product\/yoast-seo-wordpress\/ -->\n<title>Schl\u00fcsselanh\u00e4nger mit R\u00fcckgabeservice - Family Paket 5x Return Key<\/title>\n<meta name=\"description\" content=\"Bestellen Sie den speziellen Return Key Schl\u00fcsselanh\u00e4nger. Dies ist eine gro\u00dfartige M\u00f6glichkeit, Sicherheit f\u00fcr wenig Geld zu kaufen.\" \/>\n<meta name=\"robots\" content=\"index, follow, max-snippet:-1, max-image-preview:large, max-video-preview:-1\" \/>\n<link rel=\"canonical\" href=\"https:\/\/return-key.com\/de\/produkt\/keyfinder-family-paket\/\" \/>\n<meta property=\"og:locale\" content=\"de_DE\" \/>\n<meta property=\"og:type\" content=\"article\" \/>\n<meta property=\"og:title\" content=\"Schl\u00fcsselanh\u00e4nger mit R\u00fcckgabeservice - Family Paket 5x Return Key\" \/>\n<meta property=\"og:description\" content=\"Bestellen Sie den speziellen Return Key Schl\u00fcsselanh\u00e4nger. Dies ist eine gro\u00dfartige M\u00f6glichkeit, Sicherheit f\u00fcr wenig Geld zu kaufen.\" \/>\n<meta property=\"og:url\" content=\"https:\/\/return-key.com\/de\/produkt\/keyfinder-family-paket\/\" \/>\n<meta property=\"og:site_name\" content=\"Return Key\" \/>\n<meta property=\"article:modified_time\" content=\"2021-03-25T17:56:42+00:00\" \/>\n<meta property=\"og:image\" content=\"https:\/\/return-key.com\/wp-content\/uploads\/2020\/07\/Return-Key-familiepakket-5.jpg\" \/>\n\t<meta property=\"og:image:width\" content=\"1200\" \/>\n\t<meta property=\"og:image:height\" content=\"1200\" \/>\n\t<meta property=\"og:image:type\" content=\"image\/jpeg\" \/>\n<meta name=\"twitter:card\" content=\"summary_large_image\" \/>\n<script type=\"application\/ld+json\" class=\"yoast-schema-graph\">{\"@context\":\"https:\/\/schema.org\",\"@graph\":[{\"@type\":\"WebPage\",\"@id\":\"https:\/\/return-key.com\/de\/produkt\/keyfinder-family-paket\/\",\"url\":\"https:\/\/return-key.com\/de\/produkt\/keyfinder-family-paket\/\",\"name\":\"Schl\u00fcsselanh\u00e4nger mit R\u00fcckgabeservice - Family Paket 5x Return Key\",\"isPartOf\":{\"@id\":\"https:\/\/return-key.com\/de\/#website\"},\"primaryImageOfPage\":{\"@id\":\"https:\/\/return-key.com\/de\/produkt\/keyfinder-family-paket\/#primaryimage\"},\"image\":{\"@id\":\"https:\/\/return-key.com\/de\/produkt\/keyfinder-family-paket\/#primaryimage\"},\"thumbnailUrl\":\"https:\/\/return-key.com\/wp-content\/uploads\/2020\/07\/Return-Key-familiepakket-5.jpg\",\"datePublished\":\"2020-11-06T15:24:45+00:00\",\"dateModified\":\"2021-03-25T17:56:42+00:00\",\"description\":\"Bestellen Sie den speziellen Return Key Schl\u00fcsselanh\u00e4nger. Dies ist eine gro\u00dfartige M\u00f6glichkeit, Sicherheit f\u00fcr wenig Geld zu kaufen.\",\"breadcrumb\":{\"@id\":\"https:\/\/return-key.com\/de\/produkt\/keyfinder-family-paket\/#breadcrumb\"},\"inLanguage\":\"de\",\"potentialAction\":[{\"@type\":\"ReadAction\",\"target\":[\"https:\/\/return-key.com\/de\/produkt\/keyfinder-family-paket\/\"]}]},{\"@type\":\"ImageObject\",\"inLanguage\":\"de\",\"@id\":\"https:\/\/return-key.com\/de\/produkt\/keyfinder-family-paket\/#primaryimage\",\"url\":\"https:\/\/return-key.com\/wp-content\/uploads\/2020\/07\/Return-Key-familiepakket-5.jpg\",\"contentUrl\":\"https:\/\/return-key.com\/wp-content\/uploads\/2020\/07\/Return-Key-familiepakket-5.jpg\",\"width\":1200,\"height\":1200},{\"@type\":\"BreadcrumbList\",\"@id\":\"https:\/\/return-key.com\/de\/produkt\/keyfinder-family-paket\/#breadcrumb\",\"itemListElement\":[{\"@type\":\"ListItem\",\"position\":1,\"name\":\"Home\",\"item\":\"https:\/\/return-key.com\/de\/\"},{\"@type\":\"ListItem\",\"position\":2,\"name\":\"Shop\",\"item\":\"https:\/\/return-key.com\/de\/shop\/\"},{\"@type\":\"ListItem\",\"position\":3,\"name\":\"Return Key 5x Family-Paket\"}]},{\"@type\":\"WebSite\",\"@id\":\"https:\/\/return-key.com\/de\/#website\",\"url\":\"https:\/\/return-key.com\/de\/\",\"name\":\"Return Key\",\"description\":\"People are honest\",\"publisher\":{\"@id\":\"https:\/\/return-key.com\/de\/#organization\"},\"potentialAction\":[{\"@type\":\"SearchAction\",\"target\":{\"@type\":\"EntryPoint\",\"urlTemplate\":\"https:\/\/return-key.com\/de\/?s={search_term_string}\"},\"query-input\":{\"@type\":\"PropertyValueSpecification\",\"valueRequired\":true,\"valueName\":\"search_term_string\"}}],\"inLanguage\":\"de\"},{\"@type\":\"Organization\",\"@id\":\"https:\/\/return-key.com\/de\/#organization\",\"name\":\"Return Key\",\"url\":\"https:\/\/return-key.com\/de\/\",\"logo\":{\"@type\":\"ImageObject\",\"inLanguage\":\"de\",\"@id\":\"https:\/\/return-key.com\/de\/#\/schema\/logo\/image\/\",\"url\":\"https:\/\/return-key.com\/wp-content\/uploads\/2020\/07\/Return-Key-weblogo-1.png\",\"contentUrl\":\"https:\/\/return-key.com\/wp-content\/uploads\/2020\/07\/Return-Key-weblogo-1.png\",\"width\":340,\"height\":71,\"caption\":\"Return Key\"},\"image\":{\"@id\":\"https:\/\/return-key.com\/de\/#\/schema\/logo\/image\/\"}}]}<\/script>\n<!-- \/ Yoast SEO plugin. -->","yoast_head_json":{"title":"Schl\u00fcsselanh\u00e4nger mit R\u00fcckgabeservice - Family Paket 5x Return Key","description":"Bestellen Sie den speziellen Return Key Schl\u00fcsselanh\u00e4nger. Dies ist eine gro\u00dfartige M\u00f6glichkeit, Sicherheit f\u00fcr wenig Geld zu kaufen.","robots":{"index":"index","follow":"follow","max-snippet":"max-snippet:-1","max-image-preview":"max-image-preview:large","max-video-preview":"max-video-preview:-1"},"canonical":"https:\/\/return-key.com\/de\/produkt\/keyfinder-family-paket\/","og_locale":"de_DE","og_type":"article","og_title":"Schl\u00fcsselanh\u00e4nger mit R\u00fcckgabeservice - Family Paket 5x Return Key","og_description":"Bestellen Sie den speziellen Return Key Schl\u00fcsselanh\u00e4nger. Dies ist eine gro\u00dfartige M\u00f6glichkeit, Sicherheit f\u00fcr wenig Geld zu kaufen.","og_url":"https:\/\/return-key.com\/de\/produkt\/keyfinder-family-paket\/","og_site_name":"Return Key","article_modified_time":"2021-03-25T17:56:42+00:00","og_image":[{"width":1200,"height":1200,"url":"https:\/\/return-key.com\/wp-content\/uploads\/2020\/07\/Return-Key-familiepakket-5.jpg","type":"image\/jpeg"}],"twitter_card":"summary_large_image","schema":{"@context":"https:\/\/schema.org","@graph":[{"@type":"WebPage","@id":"https:\/\/return-key.com\/de\/produkt\/keyfinder-family-paket\/","url":"https:\/\/return-key.com\/de\/produkt\/keyfinder-family-paket\/","name":"Schl\u00fcsselanh\u00e4nger mit R\u00fcckgabeservice - Family Paket 5x Return Key","isPartOf":{"@id":"https:\/\/return-key.com\/de\/#website"},"primaryImageOfPage":{"@id":"https:\/\/return-key.com\/de\/produkt\/keyfinder-family-paket\/#primaryimage"},"image":{"@id":"https:\/\/return-key.com\/de\/produkt\/keyfinder-family-paket\/#primaryimage"},"thumbnailUrl":"https:\/\/return-key.com\/wp-content\/uploads\/2020\/07\/Return-Key-familiepakket-5.jpg","datePublished":"2020-11-06T15:24:45+00:00","dateModified":"2021-03-25T17:56:42+00:00","description":"Bestellen Sie den speziellen Return Key Schl\u00fcsselanh\u00e4nger. Dies ist eine gro\u00dfartige M\u00f6glichkeit, Sicherheit f\u00fcr wenig Geld zu kaufen.","breadcrumb":{"@id":"https:\/\/return-key.com\/de\/produkt\/keyfinder-family-paket\/#breadcrumb"},"inLanguage":"de","potentialAction":[{"@type":"ReadAction","target":["https:\/\/return-key.com\/de\/produkt\/keyfinder-family-paket\/"]}]},{"@type":"ImageObject","inLanguage":"de","@id":"https:\/\/return-key.com\/de\/produkt\/keyfinder-family-paket\/#primaryimage","url":"https:\/\/return-key.com\/wp-content\/uploads\/2020\/07\/Return-Key-familiepakket-5.jpg","contentUrl":"https:\/\/return-key.com\/wp-content\/uploads\/2020\/07\/Return-Key-familiepakket-5.jpg","width":1200,"height":1200},{"@type":"BreadcrumbList","@id":"https:\/\/return-key.com\/de\/produkt\/keyfinder-family-paket\/#breadcrumb","itemListElement":[{"@type":"ListItem","position":1,"name":"Home","item":"https:\/\/return-key.com\/de\/"},{"@type":"ListItem","position":2,"name":"Shop","item":"https:\/\/return-key.com\/de\/shop\/"},{"@type":"ListItem","position":3,"name":"Return Key 5x Family-Paket"}]},{"@type":"WebSite","@id":"https:\/\/return-key.com\/de\/#website","url":"https:\/\/return-key.com\/de\/","name":"Return Key","description":"People are honest","publisher":{"@id":"https:\/\/return-key.com\/de\/#organization"},"potentialAction":[{"@type":"SearchAction","target":{"@type":"EntryPoint","urlTemplate":"https:\/\/return-key.com\/de\/?s={search_term_string}"},"query-input":{"@type":"PropertyValueSpecification","valueRequired":true,"valueName":"search_term_string"}}],"inLanguage":"de"},{"@type":"Organization","@id":"https:\/\/return-key.com\/de\/#organization","name":"Return Key","url":"https:\/\/return-key.com\/de\/","logo":{"@type":"ImageObject","inLanguage":"de","@id":"https:\/\/return-key.com\/de\/#\/schema\/logo\/image\/","url":"https:\/\/return-key.com\/wp-content\/uploads\/2020\/07\/Return-Key-weblogo-1.png","contentUrl":"https:\/\/return-key.com\/wp-content\/uploads\/2020\/07\/Return-Key-weblogo-1.png","width":340,"height":71,"caption":"Return Key"},"image":{"@id":"https:\/\/return-key.com\/de\/#\/schema\/logo\/image\/"}}]}},"_links":{"self":[{"href":"https:\/\/return-key.com\/de\/wp-json\/wp\/v2\/product\/15411","targetHints":{"allow":["GET"]}}],"collection":[{"href":"https:\/\/return-key.com\/de\/wp-json\/wp\/v2\/product"}],"about":[{"href":"https:\/\/return-key.com\/de\/wp-json\/wp\/v2\/types\/product"}],"wp:featuredmedia":[{"embeddable":true,"href":"https:\/\/return-key.com\/de\/wp-json\/wp\/v2\/media\/15419"}],"wp:attachment":[{"href":"https:\/\/return-key.com\/de\/wp-json\/wp\/v2\/media?parent=15411"}],"wp:term":[{"taxonomy":"product_brand","embeddable":true,"href":"https:\/\/return-key.com\/de\/wp-json\/wp\/v2\/product_brand?post=15411"},{"taxonomy":"product_cat","embeddable":true,"href":"https:\/\/return-key.com\/de\/wp-json\/wp\/v2\/product_cat?post=15411"},{"taxonomy":"product_tag","embeddable":true,"href":"https:\/\/return-key.com\/de\/wp-json\/wp\/v2\/product_tag?post=15411"}],"curies":[{"name":"wp","href":"https:\/\/api.w.org\/{rel}","templated":true}]}}