{"id":15425,"date":"2020-11-08T20:49:24","date_gmt":"2021-03-25T17:39:05","guid":{"rendered":"https:\/\/return-key.com\/?post_type=product&#038;p=15425"},"modified":"2021-03-25T18:58:06","modified_gmt":"2021-03-25T17:58:06","slug":"business-paket","status":"publish","type":"product","link":"https:\/\/return-key.com\/de\/produkt\/business-paket\/","title":{"rendered":"Return Key 25x Business-Paket"},"content":{"rendered":"<p>Dieses Business-Paket enth\u00e4lt 25x Anh\u00e4nger und Sie erhalten einen zus\u00e4tzlichen Rabatt von \u20ac 62,50. Die H\u00e4ngeleuchte ist kompakt, besteht aus Aluminium und ist leicht. Er hat einen kleinen und einen gro\u00dfen Spaltring, so dass er sicher an Ihrem Schl\u00fcssel befestigt ist. Die Front ist mit einer verschlei\u00dffesten Epoxid-Beschichtung versehen, so dass eine lange Lebensdauer garantiert ist!<\/p>\n<p><em>Return Key Schl\u00fcsselanh\u00e4nger mit eigenem Logo? Das ist m\u00f6glich, ab 500 St\u00fcck! Fordern Sie ein <a href=\"https:\/\/return-key.com\/de\/schluesselanhaenger-werbegeschenk\/\">unverbindliches Angebot<\/a> an.<\/em><\/p>\n","protected":false},"excerpt":{"rendered":"<p>Geben Sie Ihren Mitarbeitern oder Gesch\u00e4ftskontakten einen Return Key. Sie schenken ihnen dann die Sicherheit, dass sie ihre Schl\u00fcssel zur\u00fcckbekommen, wenn sie sie verlieren. Deren Dankbarkeit wird auch auf Ihre Organisation zur\u00fcckstrahlen.<\/p>\n<p>Es ist ganz einfach: Verkn\u00fcpfen Sie den eindeutigen Code auf dem Schl\u00fcsselanh\u00e4nger mit einer E-Mail Adresse. Dann erh\u00e4lt der Besitzer eine Meldung, wenn der ehrliche Finder hier den Code eingibt.<\/p>\n<p>Dieser lebenslange Service ist sicher, anonym und&#8230;kostenlos. Sie investieren nur in den Return Key <span style=\"font-weight: 400;\">Schl\u00fcsselanh\u00e4nger<\/span> .<\/p>\n","protected":false},"featured_media":15419,"template":"","meta":[],"product_brand":[],"product_cat":[47,43],"product_tag":[],"class_list":{"0":"post-15425","1":"product","2":"type-product","3":"status-publish","4":"has-post-thumbnail","6":"product_cat-leistungspaket","7":"product_cat-standard-de-2","9":"first","10":"instock","11":"taxable","12":"shipping-taxable","13":"purchasable","14":"product-type-simple"},"yoast_head":"<!-- This site is optimized with the Yoast SEO plugin v27.1.1 - https:\/\/yoast.com\/product\/yoast-seo-wordpress\/ -->\n<title>Return Key 25x Business-Paket - Return Key<\/title>\n<meta name=\"robots\" content=\"index, follow, max-snippet:-1, max-image-preview:large, max-video-preview:-1\" \/>\n<link rel=\"canonical\" href=\"https:\/\/return-key.com\/de\/produkt\/business-paket\/\" \/>\n<meta property=\"og:locale\" content=\"de_DE\" \/>\n<meta property=\"og:type\" content=\"article\" \/>\n<meta property=\"og:title\" content=\"Return Key 25x Business-Paket - Return Key\" \/>\n<meta property=\"og:description\" content=\"Geben Sie Ihren Mitarbeitern oder Gesch\u00e4ftskontakten einen Return Key. Sie schenken ihnen dann die Sicherheit, dass sie ihre Schl\u00fcssel zur\u00fcckbekommen, wenn sie sie verlieren. Deren Dankbarkeit wird auch auf Ihre Organisation zur\u00fcckstrahlen.  Es ist ganz einfach: Verkn\u00fcpfen Sie den eindeutigen Code auf dem Schl\u00fcsselanh\u00e4nger mit einer E-Mail Adresse. Dann erh\u00e4lt der Besitzer eine Meldung, wenn der ehrliche Finder hier den Code eingibt.  Dieser lebenslange Service ist sicher, anonym und...kostenlos. Sie investieren nur in den Return Key Schl\u00fcsselanh\u00e4nger .\" \/>\n<meta property=\"og:url\" content=\"https:\/\/return-key.com\/de\/produkt\/business-paket\/\" \/>\n<meta property=\"og:site_name\" content=\"Return Key\" \/>\n<meta property=\"article:modified_time\" content=\"2021-03-25T17:58:06+00:00\" \/>\n<meta property=\"og:image\" content=\"https:\/\/return-key.com\/wp-content\/uploads\/2020\/07\/Return-Key-familiepakket-5.jpg\" \/>\n\t<meta property=\"og:image:width\" content=\"1200\" \/>\n\t<meta property=\"og:image:height\" content=\"1200\" \/>\n\t<meta property=\"og:image:type\" content=\"image\/jpeg\" \/>\n<meta name=\"twitter:card\" content=\"summary_large_image\" \/>\n<script type=\"application\/ld+json\" class=\"yoast-schema-graph\">{\"@context\":\"https:\/\/schema.org\",\"@graph\":[{\"@type\":\"WebPage\",\"@id\":\"https:\/\/return-key.com\/de\/produkt\/business-paket\/\",\"url\":\"https:\/\/return-key.com\/de\/produkt\/business-paket\/\",\"name\":\"Return Key 25x Business-Paket - Return Key\",\"isPartOf\":{\"@id\":\"https:\/\/return-key.com\/de\/#website\"},\"primaryImageOfPage\":{\"@id\":\"https:\/\/return-key.com\/de\/produkt\/business-paket\/#primaryimage\"},\"image\":{\"@id\":\"https:\/\/return-key.com\/de\/produkt\/business-paket\/#primaryimage\"},\"thumbnailUrl\":\"https:\/\/return-key.com\/wp-content\/uploads\/2020\/07\/Return-Key-familiepakket-5.jpg\",\"datePublished\":\"2021-03-25T17:39:05+00:00\",\"dateModified\":\"2021-03-25T17:58:06+00:00\",\"breadcrumb\":{\"@id\":\"https:\/\/return-key.com\/de\/produkt\/business-paket\/#breadcrumb\"},\"inLanguage\":\"de\",\"potentialAction\":[{\"@type\":\"ReadAction\",\"target\":[\"https:\/\/return-key.com\/de\/produkt\/business-paket\/\"]}]},{\"@type\":\"ImageObject\",\"inLanguage\":\"de\",\"@id\":\"https:\/\/return-key.com\/de\/produkt\/business-paket\/#primaryimage\",\"url\":\"https:\/\/return-key.com\/wp-content\/uploads\/2020\/07\/Return-Key-familiepakket-5.jpg\",\"contentUrl\":\"https:\/\/return-key.com\/wp-content\/uploads\/2020\/07\/Return-Key-familiepakket-5.jpg\",\"width\":1200,\"height\":1200},{\"@type\":\"BreadcrumbList\",\"@id\":\"https:\/\/return-key.com\/de\/produkt\/business-paket\/#breadcrumb\",\"itemListElement\":[{\"@type\":\"ListItem\",\"position\":1,\"name\":\"Home\",\"item\":\"https:\/\/return-key.com\/de\/\"},{\"@type\":\"ListItem\",\"position\":2,\"name\":\"Shop\",\"item\":\"https:\/\/return-key.com\/de\/shop\/\"},{\"@type\":\"ListItem\",\"position\":3,\"name\":\"Return Key 25x Business-Paket\"}]},{\"@type\":\"WebSite\",\"@id\":\"https:\/\/return-key.com\/de\/#website\",\"url\":\"https:\/\/return-key.com\/de\/\",\"name\":\"Return Key\",\"description\":\"People are honest\",\"publisher\":{\"@id\":\"https:\/\/return-key.com\/de\/#organization\"},\"potentialAction\":[{\"@type\":\"SearchAction\",\"target\":{\"@type\":\"EntryPoint\",\"urlTemplate\":\"https:\/\/return-key.com\/de\/?s={search_term_string}\"},\"query-input\":{\"@type\":\"PropertyValueSpecification\",\"valueRequired\":true,\"valueName\":\"search_term_string\"}}],\"inLanguage\":\"de\"},{\"@type\":\"Organization\",\"@id\":\"https:\/\/return-key.com\/de\/#organization\",\"name\":\"Return Key\",\"url\":\"https:\/\/return-key.com\/de\/\",\"logo\":{\"@type\":\"ImageObject\",\"inLanguage\":\"de\",\"@id\":\"https:\/\/return-key.com\/de\/#\/schema\/logo\/image\/\",\"url\":\"https:\/\/return-key.com\/wp-content\/uploads\/2020\/07\/Return-Key-weblogo-1.png\",\"contentUrl\":\"https:\/\/return-key.com\/wp-content\/uploads\/2020\/07\/Return-Key-weblogo-1.png\",\"width\":340,\"height\":71,\"caption\":\"Return Key\"},\"image\":{\"@id\":\"https:\/\/return-key.com\/de\/#\/schema\/logo\/image\/\"}}]}<\/script>\n<!-- \/ Yoast SEO plugin. -->","yoast_head_json":{"title":"Return Key 25x Business-Paket - Return Key","robots":{"index":"index","follow":"follow","max-snippet":"max-snippet:-1","max-image-preview":"max-image-preview:large","max-video-preview":"max-video-preview:-1"},"canonical":"https:\/\/return-key.com\/de\/produkt\/business-paket\/","og_locale":"de_DE","og_type":"article","og_title":"Return Key 25x Business-Paket - Return Key","og_description":"Geben Sie Ihren Mitarbeitern oder Gesch\u00e4ftskontakten einen Return Key. Sie schenken ihnen dann die Sicherheit, dass sie ihre Schl\u00fcssel zur\u00fcckbekommen, wenn sie sie verlieren. Deren Dankbarkeit wird auch auf Ihre Organisation zur\u00fcckstrahlen.  Es ist ganz einfach: Verkn\u00fcpfen Sie den eindeutigen Code auf dem Schl\u00fcsselanh\u00e4nger mit einer E-Mail Adresse. Dann erh\u00e4lt der Besitzer eine Meldung, wenn der ehrliche Finder hier den Code eingibt.  Dieser lebenslange Service ist sicher, anonym und...kostenlos. Sie investieren nur in den Return Key Schl\u00fcsselanh\u00e4nger .","og_url":"https:\/\/return-key.com\/de\/produkt\/business-paket\/","og_site_name":"Return Key","article_modified_time":"2021-03-25T17:58:06+00:00","og_image":[{"width":1200,"height":1200,"url":"https:\/\/return-key.com\/wp-content\/uploads\/2020\/07\/Return-Key-familiepakket-5.jpg","type":"image\/jpeg"}],"twitter_card":"summary_large_image","schema":{"@context":"https:\/\/schema.org","@graph":[{"@type":"WebPage","@id":"https:\/\/return-key.com\/de\/produkt\/business-paket\/","url":"https:\/\/return-key.com\/de\/produkt\/business-paket\/","name":"Return Key 25x Business-Paket - Return Key","isPartOf":{"@id":"https:\/\/return-key.com\/de\/#website"},"primaryImageOfPage":{"@id":"https:\/\/return-key.com\/de\/produkt\/business-paket\/#primaryimage"},"image":{"@id":"https:\/\/return-key.com\/de\/produkt\/business-paket\/#primaryimage"},"thumbnailUrl":"https:\/\/return-key.com\/wp-content\/uploads\/2020\/07\/Return-Key-familiepakket-5.jpg","datePublished":"2021-03-25T17:39:05+00:00","dateModified":"2021-03-25T17:58:06+00:00","breadcrumb":{"@id":"https:\/\/return-key.com\/de\/produkt\/business-paket\/#breadcrumb"},"inLanguage":"de","potentialAction":[{"@type":"ReadAction","target":["https:\/\/return-key.com\/de\/produkt\/business-paket\/"]}]},{"@type":"ImageObject","inLanguage":"de","@id":"https:\/\/return-key.com\/de\/produkt\/business-paket\/#primaryimage","url":"https:\/\/return-key.com\/wp-content\/uploads\/2020\/07\/Return-Key-familiepakket-5.jpg","contentUrl":"https:\/\/return-key.com\/wp-content\/uploads\/2020\/07\/Return-Key-familiepakket-5.jpg","width":1200,"height":1200},{"@type":"BreadcrumbList","@id":"https:\/\/return-key.com\/de\/produkt\/business-paket\/#breadcrumb","itemListElement":[{"@type":"ListItem","position":1,"name":"Home","item":"https:\/\/return-key.com\/de\/"},{"@type":"ListItem","position":2,"name":"Shop","item":"https:\/\/return-key.com\/de\/shop\/"},{"@type":"ListItem","position":3,"name":"Return Key 25x Business-Paket"}]},{"@type":"WebSite","@id":"https:\/\/return-key.com\/de\/#website","url":"https:\/\/return-key.com\/de\/","name":"Return Key","description":"People are honest","publisher":{"@id":"https:\/\/return-key.com\/de\/#organization"},"potentialAction":[{"@type":"SearchAction","target":{"@type":"EntryPoint","urlTemplate":"https:\/\/return-key.com\/de\/?s={search_term_string}"},"query-input":{"@type":"PropertyValueSpecification","valueRequired":true,"valueName":"search_term_string"}}],"inLanguage":"de"},{"@type":"Organization","@id":"https:\/\/return-key.com\/de\/#organization","name":"Return Key","url":"https:\/\/return-key.com\/de\/","logo":{"@type":"ImageObject","inLanguage":"de","@id":"https:\/\/return-key.com\/de\/#\/schema\/logo\/image\/","url":"https:\/\/return-key.com\/wp-content\/uploads\/2020\/07\/Return-Key-weblogo-1.png","contentUrl":"https:\/\/return-key.com\/wp-content\/uploads\/2020\/07\/Return-Key-weblogo-1.png","width":340,"height":71,"caption":"Return Key"},"image":{"@id":"https:\/\/return-key.com\/de\/#\/schema\/logo\/image\/"}}]}},"_links":{"self":[{"href":"https:\/\/return-key.com\/de\/wp-json\/wp\/v2\/product\/15425","targetHints":{"allow":["GET"]}}],"collection":[{"href":"https:\/\/return-key.com\/de\/wp-json\/wp\/v2\/product"}],"about":[{"href":"https:\/\/return-key.com\/de\/wp-json\/wp\/v2\/types\/product"}],"wp:featuredmedia":[{"embeddable":true,"href":"https:\/\/return-key.com\/de\/wp-json\/wp\/v2\/media\/15419"}],"wp:attachment":[{"href":"https:\/\/return-key.com\/de\/wp-json\/wp\/v2\/media?parent=15425"}],"wp:term":[{"taxonomy":"product_brand","embeddable":true,"href":"https:\/\/return-key.com\/de\/wp-json\/wp\/v2\/product_brand?post=15425"},{"taxonomy":"product_cat","embeddable":true,"href":"https:\/\/return-key.com\/de\/wp-json\/wp\/v2\/product_cat?post=15425"},{"taxonomy":"product_tag","embeddable":true,"href":"https:\/\/return-key.com\/de\/wp-json\/wp\/v2\/product_tag?post=15425"}],"curies":[{"name":"wp","href":"https:\/\/api.w.org\/{rel}","templated":true}]}}